{"id":41592,"date":"2023-07-21T10:27:48","date_gmt":"2023-07-21T08:27:48","guid":{"rendered":"https:\/\/test.mariusaurenti.com\/the-marius-aurenti-company\/"},"modified":"2025-02-24T12:15:27","modified_gmt":"2025-02-24T11:15:27","slug":"the-marius-aurenti-company","status":"publish","type":"page","link":"https:\/\/www.mariusaurenti.com\/en\/the-marius-aurenti-company\/","title":{"rendered":"The Marius Aurenti Company"},"content":{"rendered":"<h1 style=\"text-align: center;\">THE MARIUS AURENTI COMPANY<\/h1>\n<p>\t\t\t\t\t\t\t\t\t\t\t\t\t\t\t<img fetchpriority=\"high\" decoding=\"async\" width=\"650\" height=\"650\" src=\"https:\/\/www.mariusaurenti.com\/wp-content\/uploads\/2023\/07\/sans-titre-466-650x650.jpg\" alt=\"\" srcset=\"https:\/\/www.mariusaurenti.com\/wp-content\/uploads\/2023\/07\/sans-titre-466-650x650.jpg 650w, https:\/\/www.mariusaurenti.com\/wp-content\/uploads\/2023\/07\/sans-titre-466-100x100.jpg 100w, https:\/\/www.mariusaurenti.com\/wp-content\/uploads\/2023\/07\/sans-titre-466-120x120.jpg 120w, https:\/\/www.mariusaurenti.com\/wp-content\/uploads\/2023\/07\/sans-titre-466-150x150.jpg 150w, https:\/\/www.mariusaurenti.com\/wp-content\/uploads\/2023\/07\/sans-titre-466-1300x1300.jpg 1300w\" sizes=\"(max-width: 650px) 100vw, 650px\" \/>\t\t\t\t\t\t\t\t\t\t\t\t\t\t\t<\/p>\n<h2>Company profile<\/h2>\n<p>Founded in 1982, Marius Aurenti is a company passionate about creating high-end lime and paints, and the global inventor of millimetric concrete.<\/p>\n<p>\t\t\t\t\t<a href=\"\/?page_id=42448\"><br \/>\n\t\t\t\t\t\t\t\t\tDiscover<br \/>\n\t\t\t\t\t<\/a><br \/>\n\t\t\t\t\t\t\t\t\t\t\t\t\t\t\t<img decoding=\"async\" width=\"650\" height=\"650\" src=\"https:\/\/www.mariusaurenti.com\/wp-content\/uploads\/2023\/06\/WhatsApp-Image-2022-11-16-at-09.19.57-650x650.jpeg\" alt=\"\" srcset=\"https:\/\/www.mariusaurenti.com\/wp-content\/uploads\/2023\/06\/WhatsApp-Image-2022-11-16-at-09.19.57-650x650.jpeg 650w, https:\/\/www.mariusaurenti.com\/wp-content\/uploads\/2023\/06\/WhatsApp-Image-2022-11-16-at-09.19.57-100x100.jpeg 100w, https:\/\/www.mariusaurenti.com\/wp-content\/uploads\/2023\/06\/WhatsApp-Image-2022-11-16-at-09.19.57-150x150.jpeg 150w, https:\/\/www.mariusaurenti.com\/wp-content\/uploads\/2023\/06\/WhatsApp-Image-2022-11-16-at-09.19.57-50x50.jpeg 50w\" sizes=\"(max-width: 650px) 100vw, 650px\" \/>\t\t\t\t\t\t\t\t\t\t\t\t\t\t\t<\/p>\n<h2>Training<\/h2>\n<p>An accredited training organization since 1992, Marius Aurenti trains craftsmen to master its materials.<\/p>\n<p>\t\t\t\t\t<a href=\"\/?p=42847\"><br \/>\n\t\t\t\t\t\t\t\t\tDiscover<br \/>\n\t\t\t\t\t<\/a><br \/>\n\t\t\t\t\t\t\t\t\t\t\t\t\t\t\t<img decoding=\"async\" width=\"650\" height=\"650\" src=\"https:\/\/www.mariusaurenti.com\/wp-content\/uploads\/2023\/10\/engagement-ecologique-foret-et-fleuve-650x650.jpg\" alt=\"\" srcset=\"https:\/\/www.mariusaurenti.com\/wp-content\/uploads\/2023\/10\/engagement-ecologique-foret-et-fleuve-650x650.jpg 650w, https:\/\/www.mariusaurenti.com\/wp-content\/uploads\/2023\/10\/engagement-ecologique-foret-et-fleuve-300x300.jpg 300w, https:\/\/www.mariusaurenti.com\/wp-content\/uploads\/2023\/10\/engagement-ecologique-foret-et-fleuve-100x100.jpg 100w, https:\/\/www.mariusaurenti.com\/wp-content\/uploads\/2023\/10\/engagement-ecologique-foret-et-fleuve-600x600.jpg 600w, https:\/\/www.mariusaurenti.com\/wp-content\/uploads\/2023\/10\/engagement-ecologique-foret-et-fleuve-1024x1024.jpg 1024w, https:\/\/www.mariusaurenti.com\/wp-content\/uploads\/2023\/10\/engagement-ecologique-foret-et-fleuve-150x150.jpg 150w, https:\/\/www.mariusaurenti.com\/wp-content\/uploads\/2023\/10\/engagement-ecologique-foret-et-fleuve-768x768.jpg 768w, https:\/\/www.mariusaurenti.com\/wp-content\/uploads\/2023\/10\/engagement-ecologique-foret-et-fleuve-12x12.jpg 12w, https:\/\/www.mariusaurenti.com\/wp-content\/uploads\/2023\/10\/engagement-ecologique-foret-et-fleuve.jpg 1080w\" sizes=\"(max-width: 650px) 100vw, 650px\" \/>\t\t\t\t\t\t\t\t\t\t\t\t\t\t\t<\/p>\n<h2>Ecological commitment<\/h2>\n<p>Ecology is not just a necessity, it&#8217;s a necessity. Marius Aurenti takes part in the MERCI project run by the\u00a0<a href=\"https:\/\/planete-urgence.org\/\" target=\"_blank\" rel=\"noopener\"><strong>NGO Plan\u00e8te Urgence<\/strong><\/a>.<\/p>\n<p>\t\t\t\t\t<a href=\"\/?p=41705\"><br \/>\n\t\t\t\t\t\t\t\t\tDiscover<br \/>\n\t\t\t\t\t<\/a><br \/>\n\t\t\t\t\t\t\t\t\t\t\t\t\t\t\t<img loading=\"lazy\" decoding=\"async\" width=\"650\" height=\"650\" src=\"https:\/\/www.mariusaurenti.com\/wp-content\/uploads\/2023\/07\/Marius-Aurenti-Orthognatic-46-650x650.jpg\" alt=\"\" srcset=\"https:\/\/www.mariusaurenti.com\/wp-content\/uploads\/2023\/07\/Marius-Aurenti-Orthognatic-46-650x650.jpg 650w, https:\/\/www.mariusaurenti.com\/wp-content\/uploads\/2023\/07\/Marius-Aurenti-Orthognatic-46-100x100.jpg 100w, https:\/\/www.mariusaurenti.com\/wp-content\/uploads\/2023\/07\/Marius-Aurenti-Orthognatic-46-150x150.jpg 150w, https:\/\/www.mariusaurenti.com\/wp-content\/uploads\/2023\/07\/Marius-Aurenti-Orthognatic-46-1300x1300.jpg 1300w, https:\/\/www.mariusaurenti.com\/wp-content\/uploads\/2023\/07\/Marius-Aurenti-Orthognatic-46-50x50.jpg 50w\" sizes=\"(max-width: 650px) 100vw, 650px\" \/>\t\t\t\t\t\t\t\t\t\t\t\t\t\t\t<\/p>\n<h2>Research &amp; Development<\/h2>\n<p>Marius Aurenti designs its materials in R&amp;D laboratories<\/p>\n<p>\t\t\t\t\t<a href=\"\/?p=41690\"><br \/>\n\t\t\t\t\t\t\t\t\tDiscover<br \/>\n\t\t\t\t\t<\/a><br \/>\n\t\t\t\t\t\t\t\t\t\t\t\t\t\t\t<img loading=\"lazy\" decoding=\"async\" width=\"650\" height=\"650\" src=\"https:\/\/www.mariusaurenti.com\/wp-content\/uploads\/2023\/07\/DSC04434-650x650.jpg\" alt=\"\" srcset=\"https:\/\/www.mariusaurenti.com\/wp-content\/uploads\/2023\/07\/DSC04434-650x650.jpg 650w, https:\/\/www.mariusaurenti.com\/wp-content\/uploads\/2023\/07\/DSC04434-scaled-100x100.jpg 100w, https:\/\/www.mariusaurenti.com\/wp-content\/uploads\/2023\/07\/DSC04434-150x150.jpg 150w, https:\/\/www.mariusaurenti.com\/wp-content\/uploads\/2023\/07\/DSC04434-1300x1300.jpg 1300w\" sizes=\"(max-width: 650px) 100vw, 650px\" \/>\t\t\t\t\t\t\t\t\t\t\t\t\t\t\t<\/p>\n<h2>News<\/h2>\n<p>Read the latest news from Marius Aurenti.<\/p>\n<p>\t\t\t\t\t<a href=\"https:\/\/www.mariusaurenti.com\/ma-s-inside\/\"><br \/>\n\t\t\t\t\t\t\t\t\tDiscover<br \/>\n\t\t\t\t\t<\/a><br \/>\n\t\t\t\t\t\t\t\t\t\t\t\t\t\t\t<img loading=\"lazy\" decoding=\"async\" width=\"650\" height=\"650\" src=\"https:\/\/www.mariusaurenti.com\/wp-content\/uploads\/2023\/07\/Visuel-NL-Marius-Aurenti-650x650.jpeg\" alt=\"\" srcset=\"https:\/\/www.mariusaurenti.com\/wp-content\/uploads\/2023\/07\/Visuel-NL-Marius-Aurenti-650x650.jpeg 650w, https:\/\/www.mariusaurenti.com\/wp-content\/uploads\/2023\/07\/Visuel-NL-Marius-Aurenti-300x300.jpeg 300w, https:\/\/www.mariusaurenti.com\/wp-content\/uploads\/2023\/07\/Visuel-NL-Marius-Aurenti-100x100.jpeg 100w, https:\/\/www.mariusaurenti.com\/wp-content\/uploads\/2023\/07\/Visuel-NL-Marius-Aurenti-600x600.jpeg 600w, https:\/\/www.mariusaurenti.com\/wp-content\/uploads\/2023\/07\/Visuel-NL-Marius-Aurenti-1024x1024.jpeg 1024w, https:\/\/www.mariusaurenti.com\/wp-content\/uploads\/2023\/07\/Visuel-NL-Marius-Aurenti-150x150.jpeg 150w, https:\/\/www.mariusaurenti.com\/wp-content\/uploads\/2023\/07\/Visuel-NL-Marius-Aurenti-768x768.jpeg 768w, https:\/\/www.mariusaurenti.com\/wp-content\/uploads\/2023\/07\/Visuel-NL-Marius-Aurenti-1536x1536.jpeg 1536w, https:\/\/www.mariusaurenti.com\/wp-content\/uploads\/2023\/07\/Visuel-NL-Marius-Aurenti-12x12.jpeg 12w, https:\/\/www.mariusaurenti.com\/wp-content\/uploads\/2023\/07\/Visuel-NL-Marius-Aurenti-1300x1300.jpeg 1300w, https:\/\/www.mariusaurenti.com\/wp-content\/uploads\/2023\/07\/Visuel-NL-Marius-Aurenti.jpeg 1600w\" sizes=\"(max-width: 650px) 100vw, 650px\" \/>\t\t\t\t\t\t\t\t\t\t\t\t\t\t\t<\/p>\n<h2>Newsletter<\/h2>\n<p>Sign up and receive our exclusive news and promotions.<\/p>\n<p>\t\t\t\t\t<a href=\"\/?p=41748\"><br \/>\n\t\t\t\t\t\t\t\t\tDiscover<br \/>\n\t\t\t\t\t<\/a><br \/>\n\t\t\t\t\t\t\t\t\t\t\t\t\t\t\t<img loading=\"lazy\" decoding=\"async\" width=\"650\" height=\"650\" src=\"https:\/\/www.mariusaurenti.com\/wp-content\/uploads\/2023\/07\/Prix-et-recompenses-SIDIM-PNG-650x650.png\" alt=\"\" srcset=\"https:\/\/www.mariusaurenti.com\/wp-content\/uploads\/2023\/07\/Prix-et-recompenses-SIDIM-PNG-650x650.png 650w, https:\/\/www.mariusaurenti.com\/wp-content\/uploads\/2023\/07\/Prix-et-recompenses-SIDIM-PNG-300x300.png 300w, https:\/\/www.mariusaurenti.com\/wp-content\/uploads\/2023\/07\/Prix-et-recompenses-SIDIM-PNG-100x100.png 100w, https:\/\/www.mariusaurenti.com\/wp-content\/uploads\/2023\/07\/Prix-et-recompenses-SIDIM-PNG-600x600.png 600w, https:\/\/www.mariusaurenti.com\/wp-content\/uploads\/2023\/07\/Prix-et-recompenses-SIDIM-PNG-1024x1024.png 1024w, https:\/\/www.mariusaurenti.com\/wp-content\/uploads\/2023\/07\/Prix-et-recompenses-SIDIM-PNG-150x150.png 150w, https:\/\/www.mariusaurenti.com\/wp-content\/uploads\/2023\/07\/Prix-et-recompenses-SIDIM-PNG-768x767.png 768w, https:\/\/www.mariusaurenti.com\/wp-content\/uploads\/2023\/07\/Prix-et-recompenses-SIDIM-PNG-12x12.png 12w, https:\/\/www.mariusaurenti.com\/wp-content\/uploads\/2023\/07\/Prix-et-recompenses-SIDIM-PNG.png 1300w\" sizes=\"(max-width: 650px) 100vw, 650px\" \/>\t\t\t\t\t\t\t\t\t\t\t\t\t\t\t<\/p>\n<h2>Awards &amp; Press<\/h2>\n<p>In its more than 40-year history, Marius Aurenti has won numerous awards and prizes.<\/p>\n<p>\t\t\t\t\t<a href=\"\/?p=41737\"><br \/>\n\t\t\t\t\t\t\t\t\tDiscover<br \/>\n\t\t\t\t\t<\/a><\/p>\n<p>Contact, for free, a Marius Aurenti advisor if you have any questions about your construction or renovation project.<\/p>\n<p>\t\t\t\t\t<a href=\"\/?page_id=41534\"><br \/>\n\t\t\t\t\t\t\t\t\tInformation request<br \/>\n\t\t\t\t\t<\/a><\/p>\n","protected":false},"excerpt":{"rendered":"<p>THE MARIUS AURENTI COMPANY Company profile Founded in 1982, Marius Aurenti is a company passionate about creating high-end lime and paints, and the global inventor of<span class=\"excerpt-hellip\"> [\u2026]<\/span><\/p>\n","protected":false},"author":2,"featured_media":0,"parent":0,"menu_order":0,"comment_status":"closed","ping_status":"closed","template":"","meta":{"_acf_changed":false,"footnotes":""},"class_list":["post-41592","page","type-page","status-publish","hentry"],"acf":[],"yoast_head":"<!-- This site is optimized with the Yoast SEO plugin v27.2 - https:\/\/yoast.com\/product\/yoast-seo-wordpress\/ -->\n<title>The Marius Aurenti Company - Mati\u00e8res Marius Aurenti<\/title>\n<meta name=\"description\" content=\"Founded in 1982, Mati\u00e8res Marius Aurenti has been a major player in waxed concrete in France for over 40 years.\" \/>\n<meta name=\"robots\" content=\"index, follow, max-snippet:-1, max-image-preview:large, max-video-preview:-1\" \/>\n<link rel=\"canonical\" href=\"https:\/\/www.mariusaurenti.com\/en\/the-marius-aurenti-company\/\" \/>\n<meta property=\"og:locale\" content=\"en_US\" \/>\n<meta property=\"og:type\" content=\"article\" \/>\n<meta property=\"og:title\" content=\"The Marius Aurenti Company - Mati\u00e8res Marius Aurenti\" \/>\n<meta property=\"og:description\" content=\"Founded in 1982, Mati\u00e8res Marius Aurenti has been a major player in waxed concrete in France for over 40 years.\" \/>\n<meta property=\"og:url\" content=\"https:\/\/www.mariusaurenti.com\/en\/the-marius-aurenti-company\/\" \/>\n<meta property=\"og:site_name\" content=\"Mati\u00e8res Marius Aurenti\" \/>\n<meta property=\"article:publisher\" content=\"https:\/\/www.facebook.com\/matieresmariusaurenti\" \/>\n<meta property=\"article:modified_time\" content=\"2025-02-24T11:15:27+00:00\" \/>\n<meta property=\"og:image\" content=\"https:\/\/www.mariusaurenti.com\/wp-content\/uploads\/2023\/07\/sans-titre-466.jpg\" \/>\n\t<meta property=\"og:image:width\" content=\"2560\" \/>\n\t<meta property=\"og:image:height\" content=\"1707\" \/>\n\t<meta property=\"og:image:type\" content=\"image\/jpeg\" \/>\n<meta name=\"twitter:card\" content=\"summary_large_image\" \/>\n<meta name=\"twitter:label1\" content=\"Est. reading time\" \/>\n\t<meta name=\"twitter:data1\" content=\"2 minutes\" \/>\n<script type=\"application\/ld+json\" class=\"yoast-schema-graph\">{\"@context\":\"https:\/\/schema.org\",\"@graph\":[{\"@type\":\"WebPage\",\"@id\":\"https:\/\/www.mariusaurenti.com\/en\/the-marius-aurenti-company\/\",\"url\":\"https:\/\/www.mariusaurenti.com\/en\/the-marius-aurenti-company\/\",\"name\":\"The Marius Aurenti Company - Mati\u00e8res Marius Aurenti\",\"isPartOf\":{\"@id\":\"https:\/\/www.mariusaurenti.com\/en\/#website\"},\"primaryImageOfPage\":{\"@id\":\"https:\/\/www.mariusaurenti.com\/en\/the-marius-aurenti-company\/#primaryimage\"},\"image\":{\"@id\":\"https:\/\/www.mariusaurenti.com\/en\/the-marius-aurenti-company\/#primaryimage\"},\"thumbnailUrl\":\"https:\/\/www.mariusaurenti.com\/wp-content\/uploads\/2023\/07\/sans-titre-466-650x650.jpg\",\"datePublished\":\"2023-07-21T08:27:48+00:00\",\"dateModified\":\"2025-02-24T11:15:27+00:00\",\"description\":\"Founded in 1982, Mati\u00e8res Marius Aurenti has been a major player in waxed concrete in France for over 40 years.\",\"breadcrumb\":{\"@id\":\"https:\/\/www.mariusaurenti.com\/en\/the-marius-aurenti-company\/#breadcrumb\"},\"inLanguage\":\"en-US\",\"potentialAction\":[{\"@type\":\"ReadAction\",\"target\":[\"https:\/\/www.mariusaurenti.com\/en\/the-marius-aurenti-company\/\"]}]},{\"@type\":\"ImageObject\",\"inLanguage\":\"en-US\",\"@id\":\"https:\/\/www.mariusaurenti.com\/en\/the-marius-aurenti-company\/#primaryimage\",\"url\":\"https:\/\/www.mariusaurenti.com\/wp-content\/uploads\/2023\/07\/sans-titre-466-650x650.jpg\",\"contentUrl\":\"https:\/\/www.mariusaurenti.com\/wp-content\/uploads\/2023\/07\/sans-titre-466-650x650.jpg\"},{\"@type\":\"BreadcrumbList\",\"@id\":\"https:\/\/www.mariusaurenti.com\/en\/the-marius-aurenti-company\/#breadcrumb\",\"itemListElement\":[{\"@type\":\"ListItem\",\"position\":1,\"name\":\"Accueil\",\"item\":\"https:\/\/www.mariusaurenti.com\/en\/marius-aurenti-manufacturer-of-micro-concrete-lime-stain-varnish\/\"},{\"@type\":\"ListItem\",\"position\":2,\"name\":\"The Marius Aurenti Company\"}]},{\"@type\":\"WebSite\",\"@id\":\"https:\/\/www.mariusaurenti.com\/en\/#website\",\"url\":\"https:\/\/www.mariusaurenti.com\/en\/\",\"name\":\"Mati\u00e8res Marius Aurenti\",\"description\":\"Fabricant de b\u00e9ton cir\u00e9 et de mati\u00e8res d\u00e9coratives\",\"publisher\":{\"@id\":\"https:\/\/www.mariusaurenti.com\/en\/#organization\"},\"potentialAction\":[{\"@type\":\"SearchAction\",\"target\":{\"@type\":\"EntryPoint\",\"urlTemplate\":\"https:\/\/www.mariusaurenti.com\/en\/?s={search_term_string}\"},\"query-input\":{\"@type\":\"PropertyValueSpecification\",\"valueRequired\":true,\"valueName\":\"search_term_string\"}}],\"inLanguage\":\"en-US\"},{\"@type\":\"Organization\",\"@id\":\"https:\/\/www.mariusaurenti.com\/en\/#organization\",\"name\":\"Marius Aurenti\",\"url\":\"https:\/\/www.mariusaurenti.com\/en\/\",\"logo\":{\"@type\":\"ImageObject\",\"inLanguage\":\"en-US\",\"@id\":\"https:\/\/www.mariusaurenti.com\/en\/#\/schema\/logo\/image\/\",\"url\":\"https:\/\/www.mariusaurenti.com\/wp-content\/uploads\/2020\/11\/logo2-1.png\",\"contentUrl\":\"https:\/\/www.mariusaurenti.com\/wp-content\/uploads\/2020\/11\/logo2-1.png\",\"width\":390,\"height\":66,\"caption\":\"Marius Aurenti\"},\"image\":{\"@id\":\"https:\/\/www.mariusaurenti.com\/en\/#\/schema\/logo\/image\/\"},\"sameAs\":[\"https:\/\/www.facebook.com\/matieresmariusaurenti\",\"https:\/\/www.instagram.com\/mariusaurenti\/\",\"https:\/\/www.linkedin.com\/company\/matieres-marius-aurenti\/\",\"https:\/\/www.pinterest.fr\/mariusaurenti\/_created\/\"]}]}<\/script>\n<!-- \/ Yoast SEO plugin. -->","yoast_head_json":{"title":"The Marius Aurenti Company - Mati\u00e8res Marius Aurenti","description":"Founded in 1982, Mati\u00e8res Marius Aurenti has been a major player in waxed concrete in France for over 40 years.","robots":{"index":"index","follow":"follow","max-snippet":"max-snippet:-1","max-image-preview":"max-image-preview:large","max-video-preview":"max-video-preview:-1"},"canonical":"https:\/\/www.mariusaurenti.com\/en\/the-marius-aurenti-company\/","og_locale":"en_US","og_type":"article","og_title":"The Marius Aurenti Company - Mati\u00e8res Marius Aurenti","og_description":"Founded in 1982, Mati\u00e8res Marius Aurenti has been a major player in waxed concrete in France for over 40 years.","og_url":"https:\/\/www.mariusaurenti.com\/en\/the-marius-aurenti-company\/","og_site_name":"Mati\u00e8res Marius Aurenti","article_publisher":"https:\/\/www.facebook.com\/matieresmariusaurenti","article_modified_time":"2025-02-24T11:15:27+00:00","og_image":[{"width":2560,"height":1707,"url":"https:\/\/www.mariusaurenti.com\/wp-content\/uploads\/2023\/07\/sans-titre-466.jpg","type":"image\/jpeg"}],"twitter_card":"summary_large_image","twitter_misc":{"Est. reading time":"2 minutes"},"schema":{"@context":"https:\/\/schema.org","@graph":[{"@type":"WebPage","@id":"https:\/\/www.mariusaurenti.com\/en\/the-marius-aurenti-company\/","url":"https:\/\/www.mariusaurenti.com\/en\/the-marius-aurenti-company\/","name":"The Marius Aurenti Company - Mati\u00e8res Marius Aurenti","isPartOf":{"@id":"https:\/\/www.mariusaurenti.com\/en\/#website"},"primaryImageOfPage":{"@id":"https:\/\/www.mariusaurenti.com\/en\/the-marius-aurenti-company\/#primaryimage"},"image":{"@id":"https:\/\/www.mariusaurenti.com\/en\/the-marius-aurenti-company\/#primaryimage"},"thumbnailUrl":"https:\/\/www.mariusaurenti.com\/wp-content\/uploads\/2023\/07\/sans-titre-466-650x650.jpg","datePublished":"2023-07-21T08:27:48+00:00","dateModified":"2025-02-24T11:15:27+00:00","description":"Founded in 1982, Mati\u00e8res Marius Aurenti has been a major player in waxed concrete in France for over 40 years.","breadcrumb":{"@id":"https:\/\/www.mariusaurenti.com\/en\/the-marius-aurenti-company\/#breadcrumb"},"inLanguage":"en-US","potentialAction":[{"@type":"ReadAction","target":["https:\/\/www.mariusaurenti.com\/en\/the-marius-aurenti-company\/"]}]},{"@type":"ImageObject","inLanguage":"en-US","@id":"https:\/\/www.mariusaurenti.com\/en\/the-marius-aurenti-company\/#primaryimage","url":"https:\/\/www.mariusaurenti.com\/wp-content\/uploads\/2023\/07\/sans-titre-466-650x650.jpg","contentUrl":"https:\/\/www.mariusaurenti.com\/wp-content\/uploads\/2023\/07\/sans-titre-466-650x650.jpg"},{"@type":"BreadcrumbList","@id":"https:\/\/www.mariusaurenti.com\/en\/the-marius-aurenti-company\/#breadcrumb","itemListElement":[{"@type":"ListItem","position":1,"name":"Accueil","item":"https:\/\/www.mariusaurenti.com\/en\/marius-aurenti-manufacturer-of-micro-concrete-lime-stain-varnish\/"},{"@type":"ListItem","position":2,"name":"The Marius Aurenti Company"}]},{"@type":"WebSite","@id":"https:\/\/www.mariusaurenti.com\/en\/#website","url":"https:\/\/www.mariusaurenti.com\/en\/","name":"Mati\u00e8res Marius Aurenti","description":"Fabricant de b\u00e9ton cir\u00e9 et de mati\u00e8res d\u00e9coratives","publisher":{"@id":"https:\/\/www.mariusaurenti.com\/en\/#organization"},"potentialAction":[{"@type":"SearchAction","target":{"@type":"EntryPoint","urlTemplate":"https:\/\/www.mariusaurenti.com\/en\/?s={search_term_string}"},"query-input":{"@type":"PropertyValueSpecification","valueRequired":true,"valueName":"search_term_string"}}],"inLanguage":"en-US"},{"@type":"Organization","@id":"https:\/\/www.mariusaurenti.com\/en\/#organization","name":"Marius Aurenti","url":"https:\/\/www.mariusaurenti.com\/en\/","logo":{"@type":"ImageObject","inLanguage":"en-US","@id":"https:\/\/www.mariusaurenti.com\/en\/#\/schema\/logo\/image\/","url":"https:\/\/www.mariusaurenti.com\/wp-content\/uploads\/2020\/11\/logo2-1.png","contentUrl":"https:\/\/www.mariusaurenti.com\/wp-content\/uploads\/2020\/11\/logo2-1.png","width":390,"height":66,"caption":"Marius Aurenti"},"image":{"@id":"https:\/\/www.mariusaurenti.com\/en\/#\/schema\/logo\/image\/"},"sameAs":["https:\/\/www.facebook.com\/matieresmariusaurenti","https:\/\/www.instagram.com\/mariusaurenti\/","https:\/\/www.linkedin.com\/company\/matieres-marius-aurenti\/","https:\/\/www.pinterest.fr\/mariusaurenti\/_created\/"]}]}},"_links":{"self":[{"href":"https:\/\/www.mariusaurenti.com\/en\/wp-json\/wp\/v2\/pages\/41592","targetHints":{"allow":["GET"]}}],"collection":[{"href":"https:\/\/www.mariusaurenti.com\/en\/wp-json\/wp\/v2\/pages"}],"about":[{"href":"https:\/\/www.mariusaurenti.com\/en\/wp-json\/wp\/v2\/types\/page"}],"author":[{"embeddable":true,"href":"https:\/\/www.mariusaurenti.com\/en\/wp-json\/wp\/v2\/users\/2"}],"replies":[{"embeddable":true,"href":"https:\/\/www.mariusaurenti.com\/en\/wp-json\/wp\/v2\/comments?post=41592"}],"version-history":[{"count":0,"href":"https:\/\/www.mariusaurenti.com\/en\/wp-json\/wp\/v2\/pages\/41592\/revisions"}],"wp:attachment":[{"href":"https:\/\/www.mariusaurenti.com\/en\/wp-json\/wp\/v2\/media?parent=41592"}],"curies":[{"name":"wp","href":"https:\/\/api.w.org\/{rel}","templated":true}]}}