{"id":42448,"date":"2023-05-26T11:48:52","date_gmt":"2023-05-26T09:48:52","guid":{"rendered":"https:\/\/test.mariusaurenti.com\/who-we-are\/"},"modified":"2025-04-23T15:41:29","modified_gmt":"2025-04-23T13:41:29","slug":"who-we-are","status":"publish","type":"page","link":"https:\/\/www.mariusaurenti.com\/en\/who-we-are\/","title":{"rendered":"Who we are"},"content":{"rendered":"<h1>About us<\/h1>\n<h2>40 years of French history<\/h2>\n<p>Founded in 1982, Marius Aurenti designs refined, technical materials that respect the environment and are constantly evolving, thanks to the work of skilled craftsmen and leading architects.<\/p>\n<p>The company&#8217;s strengths: an international network of distributors and skilled craftsmen, a commitment to the environment, high-tech materials and the attention to detail that is the hallmark of fine craftsmanship.<\/p>\n<p><img fetchpriority=\"high\" decoding=\"async\" src=\"https:\/\/test.mariusaurenti.com\/wp-content\/uploads\/2023\/06\/ENAMOURA-BETON-CIRE-EVEREST-MARIUS-AURENTI.jpg\" alt=\"\" width=\"1700\" height=\"1050\" \/><\/p>\n<h3>1982: Founding of Mati\u00e8res Marius Aurenti<\/h3>\n<p>The company has been active in the public building sector for 40 years.<\/p>\n<p>Mati\u00e8res Marius Aurenti was founded in <strong>1982<\/strong> by Marius Aurenti in downtown\u00a0<strong>La Ciotat<\/strong>, <strong>Bouches-du-Rh\u00f4ne<\/strong>, <strong>Provence<\/strong>, before moving to the industrial zone for larger premises.<\/p>\n<p>Initially specializing in surface cleaning, the company went on to develop techniques for <strong>protecting stone and concrete<\/strong> against graffiti and wear, and built <strong>public works<\/strong> in France and abroad: metro stations, high schools, regional hotels, bridges and more.<\/p>\n<p>Thanks to this <strong>technical expertise<\/strong> in demanding environments, the company has become a <strong>national player in concrete treatment and protection<\/strong>.<\/p>\n<h3>1992: Marius Aurenti becomes a certified training organization<\/h3>\n<p>In 1992, with the creation of its <strong>training center<\/strong>, Marius Aurenti became a <strong>certified training organization<\/strong>, one of the leading private training organizations in contemporary decoration, enabling professionals to achieve the best possible results. It trains individuals and professionals in the practical and technical application of materials.<\/p>\n<p>Today, the company pursues its mission of <strong>training professionals<\/strong> and exchanging ideas with architects and private individuals, with the aim of raising awareness of its preferred materials: <a href=\"https:\/\/test.mariusaurenti.com\/matiere\/mortier-fin-lisse\">Micro concrete<\/a> and <a href=\"https:\/\/test.mariusaurenti.com\/matiere\/chaux\">lime<\/a>.<\/p>\n<p>Find out more:<\/p>\n<p><a href=\"\/?p=42847\"><br \/>\nOur training courses<br \/>\n<\/a><br \/>\n<img decoding=\"async\" src=\"https:\/\/www.mariusaurenti.com\/wp-content\/uploads\/2023\/06\/Venant-LAFUMA-1024x682.jpeg\" sizes=\"(max-width: 1024px) 100vw, 1024px\" srcset=\"https:\/\/www.mariusaurenti.com\/wp-content\/uploads\/2023\/06\/Venant-LAFUMA-1024x682.jpeg 1024w, https:\/\/www.mariusaurenti.com\/wp-content\/uploads\/2023\/06\/Venant-LAFUMA-300x200.jpeg 300w, https:\/\/www.mariusaurenti.com\/wp-content\/uploads\/2023\/06\/Venant-LAFUMA-600x400.jpeg 600w, https:\/\/www.mariusaurenti.com\/wp-content\/uploads\/2023\/06\/Venant-LAFUMA-768x512.jpeg 768w, https:\/\/www.mariusaurenti.com\/wp-content\/uploads\/2023\/06\/Venant-LAFUMA-1536x1023.jpeg 1536w, https:\/\/www.mariusaurenti.com\/wp-content\/uploads\/2023\/06\/Venant-LAFUMA.jpeg 1600w\" alt=\"\" width=\"1024\" height=\"682\" \/><\/p>\n<h3>Late 1990s: Marius Aurenti invents Micro concrete<\/h3>\n<p>For 25 years, this independent French company has pursued its constant <strong>quest for quality and innovation<\/strong>.<\/p>\n<p>Driven by <strong>architects<\/strong> and the desire to break new decorative ground, Marius Aurenti developed the <strong>first millimetric Micro concrete<\/strong> in the late 90s. A technique that&#8217;s revolutionizing the world of <strong>decoration<\/strong>!<\/p>\n<p>Since then, Mati\u00e8res Marius Aurenti has continued to play a <strong>pioneering<\/strong> role, creating and perfecting the finest decorative materials <strong>: Micro<\/strong>\u00a0<strong>concrete\u00a0<\/strong>, decorative coatings and exceptional paints, solutions for <strong>every room in the house, indoors and <\/strong>out, for incomparable results.<\/p>\n<h3>2007-2011: the company moves to the Dr\u00f4me region<\/h3>\n<p>In 2007, the company moved from Provence to the <strong>Dr\u00f4me<\/strong>, setting up first in <strong>Crest<\/strong> and then in <strong>Ch\u00e2teauneuf-sur-Is\u00e8re<\/strong>, in the\u00a0<strong>Rovaltain eco-park<\/strong> near the<strong> Valence TGV station<\/strong>, under the leadership of its new CEO <a href=\"https:\/\/test.mariusaurenti.com\/societe\/lionel-ballet\/\" rel=\"nofollow\">Lionel Ballet<\/a>.<\/p>\n<p>The <strong>new premises<\/strong> were built over a 4-year period to exacting <strong>environmental standards<\/strong> (energy efficiency, no water or air discharges, etc.).<\/p>\n<p>This <strong>location<\/strong> brings the company closer to its fundamentals: <strong>materials<\/strong>, all of which are available in neighboring regions. It also enables products to be\u00a0<strong>dispatched<\/strong> to the whole of France from a central location, notably from the A7 highway to the south and the A43 to Switzerland and Grenoble.<\/p>\n<p>On this site, as well as in the town of Romans-sur-Is\u00e8re, Marius Aurenti manufactures, essentially with local products, the <em>made-in-France<\/em>\u00a0micro concrete that has given it its place as market leader and earned it a<strong> commercial presence in over 20 countries<\/strong>.<\/p>\n<p>Thanks to its <strong>technical department<\/strong>, Marius Aurenti now manages prescription projects, from recommendations and follow-up with craftsmen right through to site handover, with the assurance of a <strong>decennial warranty<\/strong>. Mati\u00e8res Marius Aurenti offers a 15-year guarantee against cracking on its Micro concrete.<\/p>\n<p><img decoding=\"async\" src=\"https:\/\/www.mariusaurenti.com\/wp-content\/uploads\/2023\/07\/Siege-Marius-Aurenti-Rovaltain-nuit-scaled-e1691264316288-650x650.jpg\" sizes=\"(max-width: 650px) 100vw, 650px\" srcset=\"https:\/\/www.mariusaurenti.com\/wp-content\/uploads\/2023\/07\/Siege-Marius-Aurenti-Rovaltain-nuit-scaled-e1691264316288-650x650.jpg 650w, https:\/\/www.mariusaurenti.com\/wp-content\/uploads\/2023\/07\/Siege-Marius-Aurenti-Rovaltain-nuit-scaled-e1691264316288-100x100.jpg 100w, https:\/\/www.mariusaurenti.com\/wp-content\/uploads\/2023\/07\/Siege-Marius-Aurenti-Rovaltain-nuit-scaled-e1691264316288-150x150.jpg 150w\" alt=\"\" width=\"650\" height=\"650\" \/><\/p>\n<p style=\"text-align: center;\"><em>Rovaltain TGV Nord, Ecoparc du 45\u00e8me parall\u00e8le,<\/em><\/p>\n<p style=\"text-align: center;\"><em>3 rue Brillat Savarin,<\/em><\/p>\n<p style=\"text-align: center;\"><em>26300 Ch\u00e2teauneuf-sur-Is\u00e8re<\/em><\/p>\n<h2>A human, open and positive JOURNEY<\/h2>\n<p>At the heart of the company are <strong>the fundamental human values<\/strong> of honesty, openness, gender equality and customer focus.<\/p>\n<p>For each of its projects, Marius Aurenti always strives to <strong>find the right solutions for the right purposes<\/strong>, in strict compliance with building regulations and in complete transparency. The objective is not the quantity of product sold, but <strong>the quality of the work and its durability<\/strong>.<\/p>\n<p><img loading=\"lazy\" decoding=\"async\" src=\"https:\/\/www.mariusaurenti.com\/wp-content\/uploads\/2023\/07\/Collectif-1510x1536.jpg\" sizes=\"(max-width: 1300px) 100vw, 1300px\" srcset=\"https:\/\/www.mariusaurenti.com\/wp-content\/uploads\/2023\/07\/Collectif-1510x1536.jpg 1510w, https:\/\/www.mariusaurenti.com\/wp-content\/uploads\/2023\/07\/Collectif-300x305.jpg 300w, https:\/\/www.mariusaurenti.com\/wp-content\/uploads\/2023\/07\/Collectif-600x610.jpg 600w, https:\/\/www.mariusaurenti.com\/wp-content\/uploads\/2023\/07\/Collectif-295x300.jpg 295w, https:\/\/www.mariusaurenti.com\/wp-content\/uploads\/2023\/07\/Collectif-1007x1024.jpg 1007w, https:\/\/www.mariusaurenti.com\/wp-content\/uploads\/2023\/07\/Collectif-768x781.jpg 768w, https:\/\/www.mariusaurenti.com\/wp-content\/uploads\/2023\/07\/Collectif-2014x2048.jpg 2014w, https:\/\/www.mariusaurenti.com\/wp-content\/uploads\/2023\/07\/Collectif-12x12.jpg 12w\" alt=\"\" width=\"1300\" height=\"1322\" \/><\/p>\n<h2 style=\"text-align: center;\">Social networking<\/h2>\n<p><a href=\"https:\/\/www.facebook.com\/matieresmariusaurenti\" target=\"_blank\" rel=\"noopener\"><br \/>\nFacebook<br \/>\n<\/a><br \/>\n<a href=\"https:\/\/www.instagram.com\/mariusaurenti\/\" target=\"_blank\" rel=\"noopener\"><br \/>\nInstagram<br \/>\n<\/a><br \/>\n<a href=\"https:\/\/www.pinterest.fr\/mariusaurenti\/\" target=\"_blank\" rel=\"noopener\"><br \/>\nPinterest<br \/>\n<\/a><br \/>\n<a href=\"https:\/\/fr.linkedin.com\/company\/matieres-marius-aurenti\" target=\"_blank\" rel=\"noopener\"><br \/>\nLinkedin<br \/>\n<\/a><br \/>\n<a href=\"https:\/\/www.houzz.fr\/professionnels\/decorateur-et-styliste-d-interieur\/matieres-marius-aurenti-pfvwfr-pf~1259436206\" target=\"_blank\" rel=\"noopener\"><br \/>\nHouzz<br \/>\n<\/a><br \/>\n<a href=\"https:\/\/www.youtube.com\/@mariusaurenti1577\" target=\"_blank\" rel=\"noopener\"><br \/>\nYoutube<br \/>\n<\/a><\/p>\n","protected":false},"excerpt":{"rendered":"<p>About us 40 years of French history Founded in 1982, Marius Aurenti designs refined, technical materials that respect the environment and are constantly evolving, thanks to<span class=\"excerpt-hellip\"> [\u2026]<\/span><\/p>\n","protected":false},"author":2,"featured_media":-1,"parent":0,"menu_order":0,"comment_status":"closed","ping_status":"closed","template":"","meta":{"_acf_changed":false,"footnotes":""},"class_list":["post-42448","page","type-page","status-publish","has-post-thumbnail","hentry"],"acf":[],"yoast_head":"<!-- This site is optimized with the Yoast SEO plugin v27.2 - https:\/\/yoast.com\/product\/yoast-seo-wordpress\/ -->\n<title>Who we are - Mati\u00e8res Marius Aurenti<\/title>\n<meta name=\"robots\" content=\"index, follow, max-snippet:-1, max-image-preview:large, max-video-preview:-1\" \/>\n<link rel=\"canonical\" href=\"https:\/\/www.mariusaurenti.com\/en\/who-we-are\/\" \/>\n<meta property=\"og:locale\" content=\"en_US\" \/>\n<meta property=\"og:type\" content=\"article\" \/>\n<meta property=\"og:title\" content=\"Who we are - Mati\u00e8res Marius Aurenti\" \/>\n<meta property=\"og:description\" content=\"About us 40 years of French history Founded in 1982, Marius Aurenti designs refined, technical materials that respect the environment and are constantly evolving, thanks to [\u2026]\" \/>\n<meta property=\"og:url\" content=\"https:\/\/www.mariusaurenti.com\/en\/who-we-are\/\" \/>\n<meta property=\"og:site_name\" content=\"Mati\u00e8res Marius Aurenti\" \/>\n<meta property=\"article:publisher\" content=\"https:\/\/www.facebook.com\/matieresmariusaurenti\" \/>\n<meta property=\"article:modified_time\" content=\"2025-04-23T13:41:29+00:00\" \/>\n<meta name=\"twitter:card\" content=\"summary_large_image\" \/>\n<meta name=\"twitter:label1\" content=\"Est. reading time\" \/>\n\t<meta name=\"twitter:data1\" content=\"5 minutes\" \/>\n<script type=\"application\/ld+json\" class=\"yoast-schema-graph\">{\"@context\":\"https:\/\/schema.org\",\"@graph\":[{\"@type\":\"WebPage\",\"@id\":\"https:\/\/www.mariusaurenti.com\/en\/who-we-are\/\",\"url\":\"https:\/\/www.mariusaurenti.com\/en\/who-we-are\/\",\"name\":\"Who we are - Mati\u00e8res Marius Aurenti\",\"isPartOf\":{\"@id\":\"https:\/\/www.mariusaurenti.com\/en\/#website\"},\"primaryImageOfPage\":{\"@id\":\"https:\/\/www.mariusaurenti.com\/en\/who-we-are\/#primaryimage\"},\"image\":{\"@id\":\"https:\/\/www.mariusaurenti.com\/en\/who-we-are\/#primaryimage\"},\"thumbnailUrl\":\"https:\/\/test.mariusaurenti.com\/wp-content\/uploads\/2023\/06\/ENAMOURA-BETON-CIRE-EVEREST-MARIUS-AURENTI.jpg\",\"datePublished\":\"2023-05-26T09:48:52+00:00\",\"dateModified\":\"2025-04-23T13:41:29+00:00\",\"breadcrumb\":{\"@id\":\"https:\/\/www.mariusaurenti.com\/en\/who-we-are\/#breadcrumb\"},\"inLanguage\":\"en-US\",\"potentialAction\":[{\"@type\":\"ReadAction\",\"target\":[\"https:\/\/www.mariusaurenti.com\/en\/who-we-are\/\"]}]},{\"@type\":\"ImageObject\",\"inLanguage\":\"en-US\",\"@id\":\"https:\/\/www.mariusaurenti.com\/en\/who-we-are\/#primaryimage\",\"url\":\"https:\/\/test.mariusaurenti.com\/wp-content\/uploads\/2023\/06\/ENAMOURA-BETON-CIRE-EVEREST-MARIUS-AURENTI.jpg\",\"contentUrl\":\"https:\/\/test.mariusaurenti.com\/wp-content\/uploads\/2023\/06\/ENAMOURA-BETON-CIRE-EVEREST-MARIUS-AURENTI.jpg\"},{\"@type\":\"BreadcrumbList\",\"@id\":\"https:\/\/www.mariusaurenti.com\/en\/who-we-are\/#breadcrumb\",\"itemListElement\":[{\"@type\":\"ListItem\",\"position\":1,\"name\":\"Accueil\",\"item\":\"https:\/\/www.mariusaurenti.com\/en\/marius-aurenti-manufacturer-of-micro-concrete-lime-stain-varnish\/\"},{\"@type\":\"ListItem\",\"position\":2,\"name\":\"Who we are\"}]},{\"@type\":\"WebSite\",\"@id\":\"https:\/\/www.mariusaurenti.com\/en\/#website\",\"url\":\"https:\/\/www.mariusaurenti.com\/en\/\",\"name\":\"Mati\u00e8res Marius Aurenti\",\"description\":\"Fabricant de b\u00e9ton cir\u00e9 et de mati\u00e8res d\u00e9coratives\",\"publisher\":{\"@id\":\"https:\/\/www.mariusaurenti.com\/en\/#organization\"},\"potentialAction\":[{\"@type\":\"SearchAction\",\"target\":{\"@type\":\"EntryPoint\",\"urlTemplate\":\"https:\/\/www.mariusaurenti.com\/en\/?s={search_term_string}\"},\"query-input\":{\"@type\":\"PropertyValueSpecification\",\"valueRequired\":true,\"valueName\":\"search_term_string\"}}],\"inLanguage\":\"en-US\"},{\"@type\":\"Organization\",\"@id\":\"https:\/\/www.mariusaurenti.com\/en\/#organization\",\"name\":\"Marius Aurenti\",\"url\":\"https:\/\/www.mariusaurenti.com\/en\/\",\"logo\":{\"@type\":\"ImageObject\",\"inLanguage\":\"en-US\",\"@id\":\"https:\/\/www.mariusaurenti.com\/en\/#\/schema\/logo\/image\/\",\"url\":\"https:\/\/www.mariusaurenti.com\/wp-content\/uploads\/2020\/11\/logo2-1.png\",\"contentUrl\":\"https:\/\/www.mariusaurenti.com\/wp-content\/uploads\/2020\/11\/logo2-1.png\",\"width\":390,\"height\":66,\"caption\":\"Marius Aurenti\"},\"image\":{\"@id\":\"https:\/\/www.mariusaurenti.com\/en\/#\/schema\/logo\/image\/\"},\"sameAs\":[\"https:\/\/www.facebook.com\/matieresmariusaurenti\",\"https:\/\/www.instagram.com\/mariusaurenti\/\",\"https:\/\/www.linkedin.com\/company\/matieres-marius-aurenti\/\",\"https:\/\/www.pinterest.fr\/mariusaurenti\/_created\/\"]}]}<\/script>\n<!-- \/ Yoast SEO plugin. -->","yoast_head_json":{"title":"Who we are - Mati\u00e8res Marius Aurenti","robots":{"index":"index","follow":"follow","max-snippet":"max-snippet:-1","max-image-preview":"max-image-preview:large","max-video-preview":"max-video-preview:-1"},"canonical":"https:\/\/www.mariusaurenti.com\/en\/who-we-are\/","og_locale":"en_US","og_type":"article","og_title":"Who we are - Mati\u00e8res Marius Aurenti","og_description":"About us 40 years of French history Founded in 1982, Marius Aurenti designs refined, technical materials that respect the environment and are constantly evolving, thanks to [\u2026]","og_url":"https:\/\/www.mariusaurenti.com\/en\/who-we-are\/","og_site_name":"Mati\u00e8res Marius Aurenti","article_publisher":"https:\/\/www.facebook.com\/matieresmariusaurenti","article_modified_time":"2025-04-23T13:41:29+00:00","twitter_card":"summary_large_image","twitter_misc":{"Est. reading time":"5 minutes"},"schema":{"@context":"https:\/\/schema.org","@graph":[{"@type":"WebPage","@id":"https:\/\/www.mariusaurenti.com\/en\/who-we-are\/","url":"https:\/\/www.mariusaurenti.com\/en\/who-we-are\/","name":"Who we are - Mati\u00e8res Marius Aurenti","isPartOf":{"@id":"https:\/\/www.mariusaurenti.com\/en\/#website"},"primaryImageOfPage":{"@id":"https:\/\/www.mariusaurenti.com\/en\/who-we-are\/#primaryimage"},"image":{"@id":"https:\/\/www.mariusaurenti.com\/en\/who-we-are\/#primaryimage"},"thumbnailUrl":"https:\/\/test.mariusaurenti.com\/wp-content\/uploads\/2023\/06\/ENAMOURA-BETON-CIRE-EVEREST-MARIUS-AURENTI.jpg","datePublished":"2023-05-26T09:48:52+00:00","dateModified":"2025-04-23T13:41:29+00:00","breadcrumb":{"@id":"https:\/\/www.mariusaurenti.com\/en\/who-we-are\/#breadcrumb"},"inLanguage":"en-US","potentialAction":[{"@type":"ReadAction","target":["https:\/\/www.mariusaurenti.com\/en\/who-we-are\/"]}]},{"@type":"ImageObject","inLanguage":"en-US","@id":"https:\/\/www.mariusaurenti.com\/en\/who-we-are\/#primaryimage","url":"https:\/\/test.mariusaurenti.com\/wp-content\/uploads\/2023\/06\/ENAMOURA-BETON-CIRE-EVEREST-MARIUS-AURENTI.jpg","contentUrl":"https:\/\/test.mariusaurenti.com\/wp-content\/uploads\/2023\/06\/ENAMOURA-BETON-CIRE-EVEREST-MARIUS-AURENTI.jpg"},{"@type":"BreadcrumbList","@id":"https:\/\/www.mariusaurenti.com\/en\/who-we-are\/#breadcrumb","itemListElement":[{"@type":"ListItem","position":1,"name":"Accueil","item":"https:\/\/www.mariusaurenti.com\/en\/marius-aurenti-manufacturer-of-micro-concrete-lime-stain-varnish\/"},{"@type":"ListItem","position":2,"name":"Who we are"}]},{"@type":"WebSite","@id":"https:\/\/www.mariusaurenti.com\/en\/#website","url":"https:\/\/www.mariusaurenti.com\/en\/","name":"Mati\u00e8res Marius Aurenti","description":"Fabricant de b\u00e9ton cir\u00e9 et de mati\u00e8res d\u00e9coratives","publisher":{"@id":"https:\/\/www.mariusaurenti.com\/en\/#organization"},"potentialAction":[{"@type":"SearchAction","target":{"@type":"EntryPoint","urlTemplate":"https:\/\/www.mariusaurenti.com\/en\/?s={search_term_string}"},"query-input":{"@type":"PropertyValueSpecification","valueRequired":true,"valueName":"search_term_string"}}],"inLanguage":"en-US"},{"@type":"Organization","@id":"https:\/\/www.mariusaurenti.com\/en\/#organization","name":"Marius Aurenti","url":"https:\/\/www.mariusaurenti.com\/en\/","logo":{"@type":"ImageObject","inLanguage":"en-US","@id":"https:\/\/www.mariusaurenti.com\/en\/#\/schema\/logo\/image\/","url":"https:\/\/www.mariusaurenti.com\/wp-content\/uploads\/2020\/11\/logo2-1.png","contentUrl":"https:\/\/www.mariusaurenti.com\/wp-content\/uploads\/2020\/11\/logo2-1.png","width":390,"height":66,"caption":"Marius Aurenti"},"image":{"@id":"https:\/\/www.mariusaurenti.com\/en\/#\/schema\/logo\/image\/"},"sameAs":["https:\/\/www.facebook.com\/matieresmariusaurenti","https:\/\/www.instagram.com\/mariusaurenti\/","https:\/\/www.linkedin.com\/company\/matieres-marius-aurenti\/","https:\/\/www.pinterest.fr\/mariusaurenti\/_created\/"]}]}},"_links":{"self":[{"href":"https:\/\/www.mariusaurenti.com\/en\/wp-json\/wp\/v2\/pages\/42448","targetHints":{"allow":["GET"]}}],"collection":[{"href":"https:\/\/www.mariusaurenti.com\/en\/wp-json\/wp\/v2\/pages"}],"about":[{"href":"https:\/\/www.mariusaurenti.com\/en\/wp-json\/wp\/v2\/types\/page"}],"author":[{"embeddable":true,"href":"https:\/\/www.mariusaurenti.com\/en\/wp-json\/wp\/v2\/users\/2"}],"replies":[{"embeddable":true,"href":"https:\/\/www.mariusaurenti.com\/en\/wp-json\/wp\/v2\/comments?post=42448"}],"version-history":[{"count":0,"href":"https:\/\/www.mariusaurenti.com\/en\/wp-json\/wp\/v2\/pages\/42448\/revisions"}],"wp:featuredmedia":[{"embeddable":true,"href":"https:\/\/www.mariusaurenti.com\/en\/wp-json\/"}],"wp:attachment":[{"href":"https:\/\/www.mariusaurenti.com\/en\/wp-json\/wp\/v2\/media?parent=42448"}],"curies":[{"name":"wp","href":"https:\/\/api.w.org\/{rel}","templated":true}]}}