{"id":13495,"date":"2026-02-13T10:39:52","date_gmt":"2026-02-13T09:39:52","guid":{"rendered":"https:\/\/www.mariusaurenti.com\/?post_type=product&#038;p=13495"},"modified":"2026-02-13T10:39:52","modified_gmt":"2026-02-13T09:39:52","slug":"catalogue-marius-aurenti-5","status":"publish","type":"product","link":"https:\/\/www.mariusaurenti.com\/en\/produit\/catalogue-marius-aurenti-5\/","title":{"rendered":"Catalogue Marius Aurenti #5"},"content":{"rendered":"","protected":false},"excerpt":{"rendered":"<p>La cinqui\u00e8me \u00e9dition du catalogue Marius Aurenti est un voyage dans les mati\u00e8res, leurs origines, leurs mise en \u0153uvre dans des lieux r\u00e9sidentiels comme dans l&#8217;univers des boutiques et de l&#8217;h\u00f4tellerie. Il permet de comprendre l&#8217;origine de Marius Aurenti avec ses 40 ans de cr\u00e9ation fran\u00e7aise de mati\u00e8res min\u00e9rales, l&#8217;invention du b\u00e9ton cir\u00e9 millim\u00e9trique, la chaux, et les derniers n\u00e9s des produits comme la gamme de panneaux d\u00e9coratifs pour sols et murs (concrete panel), de carreaux en b\u00e9ton\u2026 Ce v\u00e9ritable outil d&#8217;inspiration de 145 pages pr\u00e9sente aussi les r\u00e9f\u00e9rences de l&#8217;entreprise ainsi que les tests techniques sur les mat\u00e9riaux par les organismes du b\u00e2timent. Il explique le syst\u00e8me de formation professionnel et son r\u00e9seau des artisans Experts pr\u00e9sent dans de nombreuses r\u00e9gions et pays.<br \/>\nEnfin, il exprime le combat et l&#8217;engagement de l&#8217;entreprise en faveur de l&#8217;environnement.<\/p>\n","protected":false},"featured_media":13497,"template":"","meta":{"_acf_changed":false},"product_brand":[],"product_cat":[30],"product_tag":[],"class_list":{"0":"post-13495","1":"product","2":"type-product","3":"status-publish","4":"has-post-thumbnail","6":"product_cat-catalogue","8":"first","9":"instock","10":"taxable","11":"shipping-taxable","12":"purchasable","13":"product-type-simple"},"acf":[],"_links":{"self":[{"href":"https:\/\/www.mariusaurenti.com\/en\/wp-json\/wp\/v2\/product\/13495","targetHints":{"allow":["GET"]}}],"collection":[{"href":"https:\/\/www.mariusaurenti.com\/en\/wp-json\/wp\/v2\/product"}],"about":[{"href":"https:\/\/www.mariusaurenti.com\/en\/wp-json\/wp\/v2\/types\/product"}],"wp:featuredmedia":[{"embeddable":true,"href":"https:\/\/www.mariusaurenti.com\/en\/wp-json\/wp\/v2\/media\/13497"}],"wp:attachment":[{"href":"https:\/\/www.mariusaurenti.com\/en\/wp-json\/wp\/v2\/media?parent=13495"}],"wp:term":[{"taxonomy":"product_brand","embeddable":true,"href":"https:\/\/www.mariusaurenti.com\/en\/wp-json\/wp\/v2\/product_brand?post=13495"},{"taxonomy":"product_cat","embeddable":true,"href":"https:\/\/www.mariusaurenti.com\/en\/wp-json\/wp\/v2\/product_cat?post=13495"},{"taxonomy":"product_tag","embeddable":true,"href":"https:\/\/www.mariusaurenti.com\/en\/wp-json\/wp\/v2\/product_tag?post=13495"}],"curies":[{"name":"wp","href":"https:\/\/api.w.org\/{rel}","templated":true}]}}