{"id":220,"date":"2026-02-13T10:39:52","date_gmt":"2026-02-13T09:39:52","guid":{"rendered":"https:\/\/www.mariusaurenti.com\/?post_type=product&#038;p=220"},"modified":"2026-02-13T10:39:52","modified_gmt":"2026-02-13T09:39:52","slug":"domino-coffret-les-essentiels-21-coloris","status":"publish","type":"product","link":"https:\/\/www.mariusaurenti.com\/en\/produit\/domino-coffret-les-essentiels-21-coloris\/","title":{"rendered":"Coffret Domino Les Essentiels 20 couleurs Marius Aurenti"},"content":{"rendered":"","protected":false},"excerpt":{"rendered":"<p>Retrouvez les teintes essentielles et intemporelles Marius Aurenti pour la r\u00e9alisation de vos projets.<\/p>\n<p>&nbsp;<\/p>\n<p>Les dominos sont r\u00e9alis\u00e9s \u00e0 la main dans nos ateliers fran\u00e7ais.<\/p>\n<p>&nbsp;<\/p>\n<p>Votre coffret sera livr\u00e9 avec un d\u00e9pliant Marius Aurenti ainsi qu&#8217;un nuancier IRIS des 210 teintes des mati\u00e8res Marius Aurenti. 71 teintes r\u00e9alisables en b\u00e9ton cir\u00e9 et 210 en peintures v\u00e9g\u00e9tales.<\/p>\n","protected":false},"featured_media":8942,"template":"","meta":{"_acf_changed":false},"product_brand":[],"product_cat":[2850,3110],"product_tag":[],"class_list":{"0":"post-220","1":"product","2":"type-product","3":"status-publish","4":"has-post-thumbnail","6":"product_cat-domino","7":"product_cat-echantillon-marius-aurenti","9":"first","10":"instock","11":"taxable","12":"shipping-taxable","13":"purchasable","14":"product-type-simple"},"acf":[],"_links":{"self":[{"href":"https:\/\/www.mariusaurenti.com\/en\/wp-json\/wp\/v2\/product\/220","targetHints":{"allow":["GET"]}}],"collection":[{"href":"https:\/\/www.mariusaurenti.com\/en\/wp-json\/wp\/v2\/product"}],"about":[{"href":"https:\/\/www.mariusaurenti.com\/en\/wp-json\/wp\/v2\/types\/product"}],"wp:featuredmedia":[{"embeddable":true,"href":"https:\/\/www.mariusaurenti.com\/en\/wp-json\/wp\/v2\/media\/8942"}],"wp:attachment":[{"href":"https:\/\/www.mariusaurenti.com\/en\/wp-json\/wp\/v2\/media?parent=220"}],"wp:term":[{"taxonomy":"product_brand","embeddable":true,"href":"https:\/\/www.mariusaurenti.com\/en\/wp-json\/wp\/v2\/product_brand?post=220"},{"taxonomy":"product_cat","embeddable":true,"href":"https:\/\/www.mariusaurenti.com\/en\/wp-json\/wp\/v2\/product_cat?post=220"},{"taxonomy":"product_tag","embeddable":true,"href":"https:\/\/www.mariusaurenti.com\/en\/wp-json\/wp\/v2\/product_tag?post=220"}],"curies":[{"name":"wp","href":"https:\/\/api.w.org\/{rel}","templated":true}]}}