{"id":9005161,"date":"2024-05-29T16:56:27","date_gmt":"2024-05-29T14:56:27","guid":{"rendered":"https:\/\/www.mariusaurenti.com\/?post_type=product&#038;p=9005161"},"modified":"2026-02-05T16:16:02","modified_gmt":"2026-02-05T15:16:02","slug":"kit-beton-cire-pour-plan-de-travail-mobilier","status":"publish","type":"product","link":"https:\/\/www.mariusaurenti.com\/en\/produit\/kit-beton-cire-pour-plan-de-travail-mobilier\/","title":{"rendered":"Kit B\u00e9ton cir\u00e9 pour Plan de Travail &#038; Mobilier Marius Aurenti MORPHEO"},"content":{"rendered":"","protected":false},"excerpt":{"rendered":"<p>Kit de B\u00e9ton Cir\u00e9 Pr\u00eat \u00e0 l&#8217;Emploi pour Plans de Travail : Design et Performance par Marius Aurenti.<\/p>\n","protected":false},"featured_media":9037191,"template":"","meta":{"_acf_changed":false},"product_brand":[],"product_cat":[3540],"product_tag":[],"class_list":{"0":"post-9005161","1":"product","2":"type-product","3":"status-publish","4":"has-post-thumbnail","6":"product_cat-cuisine","7":"product_shipping_class-livraison-pour-kit-marius-aurenti","9":"first","10":"instock","11":"taxable","12":"shipping-taxable","13":"purchasable","14":"product-type-variable","15":"has-default-attributes"},"acf":[],"_links":{"self":[{"href":"https:\/\/www.mariusaurenti.com\/en\/wp-json\/wp\/v2\/product\/9005161","targetHints":{"allow":["GET"]}}],"collection":[{"href":"https:\/\/www.mariusaurenti.com\/en\/wp-json\/wp\/v2\/product"}],"about":[{"href":"https:\/\/www.mariusaurenti.com\/en\/wp-json\/wp\/v2\/types\/product"}],"wp:featuredmedia":[{"embeddable":true,"href":"https:\/\/www.mariusaurenti.com\/en\/wp-json\/wp\/v2\/media\/9037191"}],"wp:attachment":[{"href":"https:\/\/www.mariusaurenti.com\/en\/wp-json\/wp\/v2\/media?parent=9005161"}],"wp:term":[{"taxonomy":"product_brand","embeddable":true,"href":"https:\/\/www.mariusaurenti.com\/en\/wp-json\/wp\/v2\/product_brand?post=9005161"},{"taxonomy":"product_cat","embeddable":true,"href":"https:\/\/www.mariusaurenti.com\/en\/wp-json\/wp\/v2\/product_cat?post=9005161"},{"taxonomy":"product_tag","embeddable":true,"href":"https:\/\/www.mariusaurenti.com\/en\/wp-json\/wp\/v2\/product_tag?post=9005161"}],"curies":[{"name":"wp","href":"https:\/\/api.w.org\/{rel}","templated":true}]}}