{"id":9007228,"date":"2024-05-31T11:42:40","date_gmt":"2024-05-31T09:42:40","guid":{"rendered":"https:\/\/www.mariusaurenti.com\/?post_type=product&#038;p=9007228"},"modified":"2026-02-04T16:10:33","modified_gmt":"2026-02-04T15:10:33","slug":"kit-beton-mural","status":"publish","type":"product","link":"https:\/\/www.mariusaurenti.com\/en\/produit\/kit-beton-mural\/","title":{"rendered":"Kit B\u00e9ton Mural"},"content":{"rendered":"","protected":false},"excerpt":{"rendered":"<p>Kit de B\u00e9ton Mural D\u00e9coratif Pr\u00eat \u00e0 l&#8217;Emploi pour Mur Int\u00e9rieur : Le b\u00e9ton cir\u00e9 mural de Marius Aurenti est l&#8217;incarnation d&#8217;une mati\u00e8re brute, pure et profonde \u00e0 destination des pi\u00e8ces s\u00e8ches.<\/p>\n","protected":false},"featured_media":9037209,"template":"","meta":{"_acf_changed":false},"product_brand":[],"product_cat":[3107],"product_tag":[],"class_list":{"0":"post-9007228","1":"product","2":"type-product","3":"status-publish","4":"has-post-thumbnail","6":"product_cat-kit-beton-mural","7":"product_shipping_class-livraison-pour-kit-marius-aurenti","9":"first","10":"instock","11":"taxable","12":"shipping-taxable","13":"purchasable","14":"product-type-variable"},"acf":[],"yoast_head":"<!-- This site is optimized with the Yoast SEO plugin v27.2 - https:\/\/yoast.com\/product\/yoast-seo-wordpress\/ -->\n<title>Kit B\u00e9ton Mural - Mati\u00e8res Marius Aurenti<\/title>\n<meta name=\"description\" content=\"Kit de B\u00e9ton cire Mural Pr\u00eat \u00e0 l&#039;Emploi pour Mur Int\u00e9rieur : Design et Performance par Marius Aurenti. Mati\u00e8re brute, pure et profonde.\" \/>\n<meta name=\"robots\" content=\"index, follow, max-snippet:-1, max-image-preview:large, max-video-preview:-1\" \/>\n<link rel=\"canonical\" href=\"https:\/\/www.mariusaurenti.com\/produit\/kit-beton-mural\/\" \/>\n<meta property=\"og:locale\" content=\"en_US\" \/>\n<meta property=\"og:type\" content=\"article\" \/>\n<meta property=\"og:title\" content=\"Kit B\u00e9ton Mural - Mati\u00e8res Marius Aurenti\" \/>\n<meta property=\"og:description\" content=\"Kit de B\u00e9ton cire Mural Pr\u00eat \u00e0 l&#039;Emploi pour Mur Int\u00e9rieur : Design et Performance par Marius Aurenti. Mati\u00e8re brute, pure et profonde.\" \/>\n<meta property=\"og:url\" content=\"https:\/\/www.mariusaurenti.com\/produit\/kit-beton-mural\/\" \/>\n<meta property=\"og:site_name\" content=\"Mati\u00e8res Marius Aurenti\" \/>\n<meta property=\"article:publisher\" content=\"https:\/\/www.facebook.com\/matieresmariusaurenti\" \/>\n<meta property=\"article:modified_time\" content=\"2026-02-04T15:10:33+00:00\" \/>\n<meta property=\"og:image\" content=\"https:\/\/www.mariusaurenti.com\/wp-content\/uploads\/2024\/05\/kit-beton-murale-marius-aurenti-morpheo.jpg\" \/>\n\t<meta property=\"og:image:width\" content=\"2048\" \/>\n\t<meta property=\"og:image:height\" content=\"2048\" \/>\n\t<meta property=\"og:image:type\" content=\"image\/jpeg\" \/>\n<meta name=\"twitter:card\" content=\"summary_large_image\" \/>\n<meta name=\"twitter:label1\" content=\"Est. reading time\" \/>\n\t<meta name=\"twitter:data1\" content=\"1 minute\" \/>\n<script type=\"application\/ld+json\" class=\"yoast-schema-graph\">{\"@context\":\"https:\/\/schema.org\",\"@graph\":[{\"@type\":\"WebPage\",\"@id\":\"https:\/\/www.mariusaurenti.com\/produit\/kit-beton-mural\/\",\"url\":\"https:\/\/www.mariusaurenti.com\/produit\/kit-beton-mural\/\",\"name\":\"Kit B\u00e9ton Mural - Mati\u00e8res Marius Aurenti\",\"isPartOf\":{\"@id\":\"https:\/\/www.mariusaurenti.com\/en\/#website\"},\"primaryImageOfPage\":{\"@id\":\"https:\/\/www.mariusaurenti.com\/produit\/kit-beton-mural\/#primaryimage\"},\"image\":{\"@id\":\"https:\/\/www.mariusaurenti.com\/produit\/kit-beton-mural\/#primaryimage\"},\"thumbnailUrl\":\"https:\/\/www.mariusaurenti.com\/wp-content\/uploads\/2024\/05\/kit-beton-murale-marius-aurenti-morpheo.jpg\",\"datePublished\":\"2024-05-31T09:42:40+00:00\",\"dateModified\":\"2026-02-04T15:10:33+00:00\",\"description\":\"Kit de B\u00e9ton cire Mural Pr\u00eat \u00e0 l'Emploi pour Mur Int\u00e9rieur : Design et Performance par Marius Aurenti. Mati\u00e8re brute, pure et profonde.\",\"breadcrumb\":{\"@id\":\"https:\/\/www.mariusaurenti.com\/produit\/kit-beton-mural\/#breadcrumb\"},\"inLanguage\":\"en-US\",\"potentialAction\":[{\"@type\":\"ReadAction\",\"target\":[\"https:\/\/www.mariusaurenti.com\/produit\/kit-beton-mural\/\"]}]},{\"@type\":\"ImageObject\",\"inLanguage\":\"en-US\",\"@id\":\"https:\/\/www.mariusaurenti.com\/produit\/kit-beton-mural\/#primaryimage\",\"url\":\"https:\/\/www.mariusaurenti.com\/wp-content\/uploads\/2024\/05\/kit-beton-murale-marius-aurenti-morpheo.jpg\",\"contentUrl\":\"https:\/\/www.mariusaurenti.com\/wp-content\/uploads\/2024\/05\/kit-beton-murale-marius-aurenti-morpheo.jpg\",\"width\":2048,\"height\":2048,\"caption\":\"Kit b\u00e9ton mural b\u00e9ton cir\u00e9 marius aurenti\"},{\"@type\":\"BreadcrumbList\",\"@id\":\"https:\/\/www.mariusaurenti.com\/produit\/kit-beton-mural\/#breadcrumb\",\"itemListElement\":[{\"@type\":\"ListItem\",\"position\":1,\"name\":\"Accueil\",\"item\":\"https:\/\/www.mariusaurenti.com\/en\/marius-aurenti-manufacturer-of-micro-concrete-lime-stain-varnish\/\"},{\"@type\":\"ListItem\",\"position\":2,\"name\":\"Boutique\",\"item\":\"https:\/\/www.mariusaurenti.com\/boutique\/\"},{\"@type\":\"ListItem\",\"position\":3,\"name\":\"Kit B\u00e9ton Mural\"}]},{\"@type\":\"WebSite\",\"@id\":\"https:\/\/www.mariusaurenti.com\/en\/#website\",\"url\":\"https:\/\/www.mariusaurenti.com\/en\/\",\"name\":\"Mati\u00e8res Marius Aurenti\",\"description\":\"Fabricant de b\u00e9ton cir\u00e9 et de mati\u00e8res d\u00e9coratives\",\"publisher\":{\"@id\":\"https:\/\/www.mariusaurenti.com\/en\/#organization\"},\"potentialAction\":[{\"@type\":\"SearchAction\",\"target\":{\"@type\":\"EntryPoint\",\"urlTemplate\":\"https:\/\/www.mariusaurenti.com\/en\/?s={search_term_string}\"},\"query-input\":{\"@type\":\"PropertyValueSpecification\",\"valueRequired\":true,\"valueName\":\"search_term_string\"}}],\"inLanguage\":\"en-US\"},{\"@type\":\"Organization\",\"@id\":\"https:\/\/www.mariusaurenti.com\/en\/#organization\",\"name\":\"Marius Aurenti\",\"url\":\"https:\/\/www.mariusaurenti.com\/en\/\",\"logo\":{\"@type\":\"ImageObject\",\"inLanguage\":\"en-US\",\"@id\":\"https:\/\/www.mariusaurenti.com\/en\/#\/schema\/logo\/image\/\",\"url\":\"https:\/\/www.mariusaurenti.com\/wp-content\/uploads\/2020\/11\/logo2-1.png\",\"contentUrl\":\"https:\/\/www.mariusaurenti.com\/wp-content\/uploads\/2020\/11\/logo2-1.png\",\"width\":390,\"height\":66,\"caption\":\"Marius Aurenti\"},\"image\":{\"@id\":\"https:\/\/www.mariusaurenti.com\/en\/#\/schema\/logo\/image\/\"},\"sameAs\":[\"https:\/\/www.facebook.com\/matieresmariusaurenti\",\"https:\/\/www.instagram.com\/mariusaurenti\/\",\"https:\/\/www.linkedin.com\/company\/matieres-marius-aurenti\/\",\"https:\/\/www.pinterest.fr\/mariusaurenti\/_created\/\"]}]}<\/script>\n<!-- \/ Yoast SEO plugin. -->","yoast_head_json":{"title":"Kit B\u00e9ton Mural - Mati\u00e8res Marius Aurenti","description":"Kit de B\u00e9ton cire Mural Pr\u00eat \u00e0 l'Emploi pour Mur Int\u00e9rieur : Design et Performance par Marius Aurenti. Mati\u00e8re brute, pure et profonde.","robots":{"index":"index","follow":"follow","max-snippet":"max-snippet:-1","max-image-preview":"max-image-preview:large","max-video-preview":"max-video-preview:-1"},"canonical":"https:\/\/www.mariusaurenti.com\/produit\/kit-beton-mural\/","og_locale":"en_US","og_type":"article","og_title":"Kit B\u00e9ton Mural - Mati\u00e8res Marius Aurenti","og_description":"Kit de B\u00e9ton cire Mural Pr\u00eat \u00e0 l'Emploi pour Mur Int\u00e9rieur : Design et Performance par Marius Aurenti. Mati\u00e8re brute, pure et profonde.","og_url":"https:\/\/www.mariusaurenti.com\/produit\/kit-beton-mural\/","og_site_name":"Mati\u00e8res Marius Aurenti","article_publisher":"https:\/\/www.facebook.com\/matieresmariusaurenti","article_modified_time":"2026-02-04T15:10:33+00:00","og_image":[{"width":2048,"height":2048,"url":"https:\/\/www.mariusaurenti.com\/wp-content\/uploads\/2024\/05\/kit-beton-murale-marius-aurenti-morpheo.jpg","type":"image\/jpeg"}],"twitter_card":"summary_large_image","twitter_misc":{"Est. reading time":"1 minute"},"schema":{"@context":"https:\/\/schema.org","@graph":[{"@type":"WebPage","@id":"https:\/\/www.mariusaurenti.com\/produit\/kit-beton-mural\/","url":"https:\/\/www.mariusaurenti.com\/produit\/kit-beton-mural\/","name":"Kit B\u00e9ton Mural - Mati\u00e8res Marius Aurenti","isPartOf":{"@id":"https:\/\/www.mariusaurenti.com\/en\/#website"},"primaryImageOfPage":{"@id":"https:\/\/www.mariusaurenti.com\/produit\/kit-beton-mural\/#primaryimage"},"image":{"@id":"https:\/\/www.mariusaurenti.com\/produit\/kit-beton-mural\/#primaryimage"},"thumbnailUrl":"https:\/\/www.mariusaurenti.com\/wp-content\/uploads\/2024\/05\/kit-beton-murale-marius-aurenti-morpheo.jpg","datePublished":"2024-05-31T09:42:40+00:00","dateModified":"2026-02-04T15:10:33+00:00","description":"Kit de B\u00e9ton cire Mural Pr\u00eat \u00e0 l'Emploi pour Mur Int\u00e9rieur : Design et Performance par Marius Aurenti. Mati\u00e8re brute, pure et profonde.","breadcrumb":{"@id":"https:\/\/www.mariusaurenti.com\/produit\/kit-beton-mural\/#breadcrumb"},"inLanguage":"en-US","potentialAction":[{"@type":"ReadAction","target":["https:\/\/www.mariusaurenti.com\/produit\/kit-beton-mural\/"]}]},{"@type":"ImageObject","inLanguage":"en-US","@id":"https:\/\/www.mariusaurenti.com\/produit\/kit-beton-mural\/#primaryimage","url":"https:\/\/www.mariusaurenti.com\/wp-content\/uploads\/2024\/05\/kit-beton-murale-marius-aurenti-morpheo.jpg","contentUrl":"https:\/\/www.mariusaurenti.com\/wp-content\/uploads\/2024\/05\/kit-beton-murale-marius-aurenti-morpheo.jpg","width":2048,"height":2048,"caption":"Kit b\u00e9ton mural b\u00e9ton cir\u00e9 marius aurenti"},{"@type":"BreadcrumbList","@id":"https:\/\/www.mariusaurenti.com\/produit\/kit-beton-mural\/#breadcrumb","itemListElement":[{"@type":"ListItem","position":1,"name":"Accueil","item":"https:\/\/www.mariusaurenti.com\/en\/marius-aurenti-manufacturer-of-micro-concrete-lime-stain-varnish\/"},{"@type":"ListItem","position":2,"name":"Boutique","item":"https:\/\/www.mariusaurenti.com\/boutique\/"},{"@type":"ListItem","position":3,"name":"Kit B\u00e9ton Mural"}]},{"@type":"WebSite","@id":"https:\/\/www.mariusaurenti.com\/en\/#website","url":"https:\/\/www.mariusaurenti.com\/en\/","name":"Mati\u00e8res Marius Aurenti","description":"Fabricant de b\u00e9ton cir\u00e9 et de mati\u00e8res d\u00e9coratives","publisher":{"@id":"https:\/\/www.mariusaurenti.com\/en\/#organization"},"potentialAction":[{"@type":"SearchAction","target":{"@type":"EntryPoint","urlTemplate":"https:\/\/www.mariusaurenti.com\/en\/?s={search_term_string}"},"query-input":{"@type":"PropertyValueSpecification","valueRequired":true,"valueName":"search_term_string"}}],"inLanguage":"en-US"},{"@type":"Organization","@id":"https:\/\/www.mariusaurenti.com\/en\/#organization","name":"Marius Aurenti","url":"https:\/\/www.mariusaurenti.com\/en\/","logo":{"@type":"ImageObject","inLanguage":"en-US","@id":"https:\/\/www.mariusaurenti.com\/en\/#\/schema\/logo\/image\/","url":"https:\/\/www.mariusaurenti.com\/wp-content\/uploads\/2020\/11\/logo2-1.png","contentUrl":"https:\/\/www.mariusaurenti.com\/wp-content\/uploads\/2020\/11\/logo2-1.png","width":390,"height":66,"caption":"Marius Aurenti"},"image":{"@id":"https:\/\/www.mariusaurenti.com\/en\/#\/schema\/logo\/image\/"},"sameAs":["https:\/\/www.facebook.com\/matieresmariusaurenti","https:\/\/www.instagram.com\/mariusaurenti\/","https:\/\/www.linkedin.com\/company\/matieres-marius-aurenti\/","https:\/\/www.pinterest.fr\/mariusaurenti\/_created\/"]}]}},"_links":{"self":[{"href":"https:\/\/www.mariusaurenti.com\/en\/wp-json\/wp\/v2\/product\/9007228","targetHints":{"allow":["GET"]}}],"collection":[{"href":"https:\/\/www.mariusaurenti.com\/en\/wp-json\/wp\/v2\/product"}],"about":[{"href":"https:\/\/www.mariusaurenti.com\/en\/wp-json\/wp\/v2\/types\/product"}],"wp:featuredmedia":[{"embeddable":true,"href":"https:\/\/www.mariusaurenti.com\/en\/wp-json\/wp\/v2\/media\/9037209"}],"wp:attachment":[{"href":"https:\/\/www.mariusaurenti.com\/en\/wp-json\/wp\/v2\/media?parent=9007228"}],"wp:term":[{"taxonomy":"product_brand","embeddable":true,"href":"https:\/\/www.mariusaurenti.com\/en\/wp-json\/wp\/v2\/product_brand?post=9007228"},{"taxonomy":"product_cat","embeddable":true,"href":"https:\/\/www.mariusaurenti.com\/en\/wp-json\/wp\/v2\/product_cat?post=9007228"},{"taxonomy":"product_tag","embeddable":true,"href":"https:\/\/www.mariusaurenti.com\/en\/wp-json\/wp\/v2\/product_tag?post=9007228"}],"curies":[{"name":"wp","href":"https:\/\/api.w.org\/{rel}","templated":true}]}}