{"id":9057341,"date":"2026-02-13T10:39:53","date_gmt":"2026-02-13T09:39:53","guid":{"rendered":"https:\/\/www.mariusaurenti.com\/?post_type=product&#038;p=9057341"},"modified":"2026-03-22T14:34:15","modified_gmt":"2026-03-22T13:34:15","slug":"nuancier-folio-234-pochette-coton-ecologique","status":"publish","type":"product","link":"https:\/\/www.mariusaurenti.com\/en\/produit\/nuancier-folio-234-pochette-coton-ecologique\/","title":{"rendered":"Nuancier FOLIO 234 \u2013 Pochette coton \u00e9cologique"},"content":{"rendered":"","protected":false},"excerpt":{"rendered":"<p>Cette version du nuancier FOLIO 234 est propos\u00e9e dans une pochette en coton \u00e9cologique, con\u00e7ue pour prot\u00e9ger efficacement le nuancier tout en restant l\u00e9g\u00e8re et facile \u00e0 transporter.<\/p>\n<p>La trousse, de qualit\u00e9 soign\u00e9e et sign\u00e9e Marius Aurenti, accompagne les professionnels sur le terrain en offrant une protection durable des \u00e9chantillons couleur, dans un esprit fonctionnel et responsable.<\/p>\n<p>Une vision fran\u00e7aise, contemporaine et m\u00e9diterran\u00e9enne de la couleur.<\/p>\n<p>Change your Paint of View.<\/p>\n<p>Attention, le produit sera disponible et exp\u00e9di\u00e9 \u00e0 partir de d\u00e9but F\u00e9vrier.<\/p>\n","protected":false},"featured_media":9067016,"template":"","meta":{"_acf_changed":false},"product_brand":[],"product_cat":[3110,3603,2851],"product_tag":[],"class_list":{"0":"post-9057341","1":"product","2":"type-product","3":"status-publish","4":"has-post-thumbnail","6":"product_cat-echantillon-marius-aurenti","7":"product_cat-echantillons-peinture","8":"product_cat-nuancier","10":"first","11":"instock","12":"taxable","13":"shipping-taxable","14":"purchasable","15":"product-type-simple"},"acf":[],"_links":{"self":[{"href":"https:\/\/www.mariusaurenti.com\/en\/wp-json\/wp\/v2\/product\/9057341","targetHints":{"allow":["GET"]}}],"collection":[{"href":"https:\/\/www.mariusaurenti.com\/en\/wp-json\/wp\/v2\/product"}],"about":[{"href":"https:\/\/www.mariusaurenti.com\/en\/wp-json\/wp\/v2\/types\/product"}],"wp:featuredmedia":[{"embeddable":true,"href":"https:\/\/www.mariusaurenti.com\/en\/wp-json\/wp\/v2\/media\/9067016"}],"wp:attachment":[{"href":"https:\/\/www.mariusaurenti.com\/en\/wp-json\/wp\/v2\/media?parent=9057341"}],"wp:term":[{"taxonomy":"product_brand","embeddable":true,"href":"https:\/\/www.mariusaurenti.com\/en\/wp-json\/wp\/v2\/product_brand?post=9057341"},{"taxonomy":"product_cat","embeddable":true,"href":"https:\/\/www.mariusaurenti.com\/en\/wp-json\/wp\/v2\/product_cat?post=9057341"},{"taxonomy":"product_tag","embeddable":true,"href":"https:\/\/www.mariusaurenti.com\/en\/wp-json\/wp\/v2\/product_tag?post=9057341"}],"curies":[{"name":"wp","href":"https:\/\/api.w.org\/{rel}","templated":true}]}}