{"id":9057343,"date":"2026-02-13T10:39:51","date_gmt":"2026-02-13T09:39:51","guid":{"rendered":"https:\/\/www.mariusaurenti.com\/?post_type=product&#038;p=9057343"},"modified":"2026-04-01T13:49:46","modified_gmt":"2026-04-01T11:49:46","slug":"nuancier-iris-234","status":"publish","type":"product","link":"https:\/\/www.mariusaurenti.com\/en\/produit\/nuancier-iris-234\/","title":{"rendered":"Nuancier Iris 234"},"content":{"rendered":"","protected":false},"excerpt":{"rendered":"<p>IRIS 234 est la troisi\u00e8me \u00e9dition du nuancier de r\u00e9f\u00e9rence Marius Aurenti. Il constitue la base chromatique commune \u00e0 l\u2019ensemble des mati\u00e8res de la marque : peintures, chaux, b\u00e9tons muraux et b\u00e9ton cir\u00e9.<\/p>\n<p>Attention, le produit sera disponible et exp\u00e9di\u00e9 \u00e0 partir de d\u00e9but F\u00e9vrier.<\/p>\n","protected":false},"featured_media":9057832,"template":"","meta":{"_acf_changed":false},"product_brand":[],"product_cat":[3110,3603,3604,2851],"product_tag":[],"class_list":{"0":"post-9057343","1":"product","2":"type-product","3":"status-publish","4":"has-post-thumbnail","6":"product_cat-echantillon-marius-aurenti","7":"product_cat-echantillons-peinture","8":"product_cat-echantillons-de-peinture","9":"product_cat-nuancier","11":"first","12":"instock","13":"taxable","14":"shipping-taxable","15":"purchasable","16":"product-type-simple"},"acf":[],"_links":{"self":[{"href":"https:\/\/www.mariusaurenti.com\/en\/wp-json\/wp\/v2\/product\/9057343","targetHints":{"allow":["GET"]}}],"collection":[{"href":"https:\/\/www.mariusaurenti.com\/en\/wp-json\/wp\/v2\/product"}],"about":[{"href":"https:\/\/www.mariusaurenti.com\/en\/wp-json\/wp\/v2\/types\/product"}],"wp:featuredmedia":[{"embeddable":true,"href":"https:\/\/www.mariusaurenti.com\/en\/wp-json\/wp\/v2\/media\/9057832"}],"wp:attachment":[{"href":"https:\/\/www.mariusaurenti.com\/en\/wp-json\/wp\/v2\/media?parent=9057343"}],"wp:term":[{"taxonomy":"product_brand","embeddable":true,"href":"https:\/\/www.mariusaurenti.com\/en\/wp-json\/wp\/v2\/product_brand?post=9057343"},{"taxonomy":"product_cat","embeddable":true,"href":"https:\/\/www.mariusaurenti.com\/en\/wp-json\/wp\/v2\/product_cat?post=9057343"},{"taxonomy":"product_tag","embeddable":true,"href":"https:\/\/www.mariusaurenti.com\/en\/wp-json\/wp\/v2\/product_tag?post=9057343"}],"curies":[{"name":"wp","href":"https:\/\/api.w.org\/{rel}","templated":true}]}}