{"id":9057530,"date":"2026-02-13T10:39:50","date_gmt":"2026-02-13T09:39:50","guid":{"rendered":"https:\/\/www.mariusaurenti.com\/?post_type=product&#038;p=9057530"},"modified":"2026-03-22T14:35:23","modified_gmt":"2026-03-22T13:35:23","slug":"nuancier-folio-234-avec-etui-cuir-signature-fauve","status":"publish","type":"product","link":"https:\/\/www.mariusaurenti.com\/en\/produit\/nuancier-folio-234-avec-etui-cuir-signature-fauve\/","title":{"rendered":"Nuancier FOLIO 234 avec \u00e9tui Cuir Signature Fauve"},"content":{"rendered":"","protected":false},"excerpt":{"rendered":"<p>La version cuir signature du nuancier FOLIO 234 est un v\u00e9ritable objet haut de gamme, pens\u00e9 comme un outil de travail valorisant et p\u00e9renne.<\/p>\n<p>R\u00e9alis\u00e9e \u00e0 partir de cuirs de maroquinerie de haute qualit\u00e9 et \u00e9labor\u00e9e en collaboration avec un centre d\u2019accompagnement de travailleurs handicap\u00e9s, cette pochette allie exigence esth\u00e9tique, engagement humain et robustesse. Con\u00e7ue pour un usage intensif sur le terrain, elle prot\u00e8ge durablement le nuancier et se patine naturellement avec le temps, renfor\u00e7ant son caract\u00e8re unique.<\/p>\n<p>Un outil professionnel \u00e0 forte valeur ajout\u00e9e, \u00e0 la fois fonctionnel, \u00e9l\u00e9gant et durable.<\/p>\n<p>Une vision fran\u00e7aise, contemporaine et m\u00e9diterran\u00e9enne de la couleur.<br \/>\nChange your Paint of View.<\/p>\n<p>Attention, le produit sera disponible et exp\u00e9di\u00e9 \u00e0 partir de d\u00e9but Avril.<\/p>\n","protected":false},"featured_media":9067018,"template":"","meta":{"_acf_changed":false},"product_brand":[],"product_cat":[3110,3603,3604,2851],"product_tag":[],"class_list":{"0":"post-9057530","1":"product","2":"type-product","3":"status-publish","4":"has-post-thumbnail","6":"product_cat-echantillon-marius-aurenti","7":"product_cat-echantillons-peinture","8":"product_cat-echantillons-de-peinture","9":"product_cat-nuancier","11":"first","12":"instock","13":"taxable","14":"shipping-taxable","15":"purchasable","16":"product-type-simple"},"acf":[],"_links":{"self":[{"href":"https:\/\/www.mariusaurenti.com\/en\/wp-json\/wp\/v2\/product\/9057530","targetHints":{"allow":["GET"]}}],"collection":[{"href":"https:\/\/www.mariusaurenti.com\/en\/wp-json\/wp\/v2\/product"}],"about":[{"href":"https:\/\/www.mariusaurenti.com\/en\/wp-json\/wp\/v2\/types\/product"}],"wp:featuredmedia":[{"embeddable":true,"href":"https:\/\/www.mariusaurenti.com\/en\/wp-json\/wp\/v2\/media\/9067018"}],"wp:attachment":[{"href":"https:\/\/www.mariusaurenti.com\/en\/wp-json\/wp\/v2\/media?parent=9057530"}],"wp:term":[{"taxonomy":"product_brand","embeddable":true,"href":"https:\/\/www.mariusaurenti.com\/en\/wp-json\/wp\/v2\/product_brand?post=9057530"},{"taxonomy":"product_cat","embeddable":true,"href":"https:\/\/www.mariusaurenti.com\/en\/wp-json\/wp\/v2\/product_cat?post=9057530"},{"taxonomy":"product_tag","embeddable":true,"href":"https:\/\/www.mariusaurenti.com\/en\/wp-json\/wp\/v2\/product_tag?post=9057530"}],"curies":[{"name":"wp","href":"https:\/\/api.w.org\/{rel}","templated":true}]}}