{"id":9060315,"date":"2026-03-13T15:09:04","date_gmt":"2026-03-13T14:09:04","guid":{"rendered":"https:\/\/www.mariusaurenti.com\/?post_type=product&#038;p=9060315"},"modified":"2026-03-23T16:22:16","modified_gmt":"2026-03-23T15:22:16","slug":"echantillon-feuille-grand-format","status":"publish","type":"product","link":"https:\/\/www.mariusaurenti.com\/en\/produit\/echantillon-feuille-grand-format\/","title":{"rendered":"Echantillon Feuille Grand Format"},"content":{"rendered":"<h3>Comprendre la brillance d\u2019une peinture<\/h3>\n<p>La brillance d\u2019une peinture correspond \u00e0 la mani\u00e8re dont la surface r\u00e9fl\u00e9chit la lumi\u00e8re. Il s\u2019agit d\u2019un ph\u00e9nom\u00e8ne optique : selon la texture du film de peinture, la lumi\u00e8re est soit diffus\u00e9e dans toutes les directions, soit r\u00e9fl\u00e9chie plus directement, cr\u00e9ant alors des reflets visibles.<\/p>\n<p>Cette propri\u00e9t\u00e9 est mesur\u00e9e avec un appareil appel\u00e9 glossm\u00e8tre, g\u00e9n\u00e9ralement r\u00e9gl\u00e9 \u00e0 un angle de 60\u00b0, qui indique la quantit\u00e9 de lumi\u00e8re r\u00e9fl\u00e9chie par la surface peinte. Plus la valeur mesur\u00e9e est faible, plus la peinture para\u00eet mate et absorbe la lumi\u00e8re. Plus elle est \u00e9lev\u00e9e, plus la surface devient lumineuse et r\u00e9fl\u00e9chissante.<\/p>\n<h3>Des valeurs mesur\u00e9es mais une perception vivante<\/h3>\n<p>M\u00eame si la brillance est mesur\u00e9e de mani\u00e8re pr\u00e9cise, sa perception peut varier selon plusieurs facteurs. L\u2019intensit\u00e9 et l\u2019orientation de la lumi\u00e8re, la nature du support, l\u2019\u00e9paisseur du film de peinture ou encore le nombre de couches appliqu\u00e9es peuvent modifier l\u00e9g\u00e8rement l\u2019effet visuel. Une peinture peut ainsi para\u00eetre plus ou moins lumineuse selon la lumi\u00e8re naturelle ou artificielle d\u2019une pi\u00e8ce.<\/p>\n<h3>Des classifications issues de l\u2019industrie de la peinture<\/h3>\n<p>Les termes mat, velours, soyeux, satin\u00e9 ou brillant correspondent \u00e0 des plages de valeurs de r\u00e9flexion lumineuse d\u00e9finies dans les classifications techniques de la peinture. Ces \u00e9chelles sont utilis\u00e9es par les fabricants pour situer les finitions les unes par rapport aux autres. Les limites peuvent varier l\u00e9g\u00e8rement selon les marques, mais le principe reste le m\u00eame : classer les peintures selon leur niveau de r\u00e9flexion de la lumi\u00e8re.<\/p>\n<h3>Lire l\u2019\u00e9chelle de brillance sur le nuancier Iris<\/h3>\n<p>Sur le nuancier Iris de Marius Aurenti, une colonne sp\u00e9cifique permet de visualiser cette \u00e9chelle de brillance. Les rectangles gris reproduisent diff\u00e9rentes finitions afin d\u2019illustrer concr\u00e8tement la mani\u00e8re dont la lumi\u00e8re se comporte sur une surface peinte. Les valeurs indiqu\u00e9es correspondent \u00e0 des mesures r\u00e9elles de r\u00e9flexion lumineuse, ce qui permet de comparer les finitions avec pr\u00e9cision.<\/p>\n<h3>Mat profond \u2014 environ 2 %<\/h3>\n<p>Le mat profond pr\u00e9sente une brillance extr\u00eamement faible. La surface absorbe presque toute la lumi\u00e8re et produit un aspect tr\u00e8s doux, feutr\u00e9 et profond. Les reflets sont pratiquement invisibles.<\/p>\n<h3>Mat velours \u2014 autour de 5 %<\/h3>\n<p>Le mat velours introduit un reflet tr\u00e8s l\u00e9ger. La peinture reste largement mate mais la lumi\u00e8re commence \u00e0 glisser doucement sur la surface, ce qui apporte un peu plus de vie et de relief \u00e0 la mati\u00e8re.<\/p>\n<h3>Mat soyeux \u2014 l\u2019effet eggshell<\/h3>\n<p>Le mat soyeux, souvent appel\u00e9 eggshell en anglais car il \u00e9voque la douceur satin\u00e9e d\u2019une coquille d\u2019\u0153uf, propose un \u00e9quilibre tr\u00e8s appr\u00e9ci\u00e9 en d\u00e9coration. La lumi\u00e8re est perceptible mais reste subtile, donnant une surface \u00e9l\u00e9gante et lumineuse sans v\u00e9ritable effet brillant.<\/p>\n<h3>Satin\u00e9 \u2014 une \u00e9chelle historiquement large<\/h3>\n<p>Le satin\u00e9 r\u00e9fl\u00e9chit davantage la lumi\u00e8re et donne une surface plus lumineuse et plus lisse. Historiquement, cette finition couvre une plage de brillance assez large dans l\u2019industrie de la peinture, ce qui explique qu\u2019elle puisse varier sensiblement d\u2019un produit \u00e0 l\u2019autre.<\/p>\n<h3>Brillant \u2014 forte r\u00e9flexion de la lumi\u00e8re<\/h3>\n<p>Les finitions brillantes refl\u00e8tent fortement la lumi\u00e8re. La surface devient tr\u00e8s lumineuse et les reflets sont clairement visibles, cr\u00e9ant un effet de surface plus tendu et plus miroir.<\/p>\n<h3>L\u2019int\u00e9r\u00eat de l\u2019\u00e9chelle sur le nuancier Iris<\/h3>\n<p>En pr\u00e9sentant ces diff\u00e9rents niveaux directement dans le nuancier Iris, il devient possible de voir concr\u00e8tement la mani\u00e8re dont la lumi\u00e8re interagit avec la peinture. Cette comparaison visuelle aide \u00e0 comprendre la diff\u00e9rence entre les finitions et permet de choisir plus facilement la brillance adapt\u00e9e \u00e0 l\u2019ambiance recherch\u00e9e dans un int\u00e9rieur.<\/p>\n","protected":false},"excerpt":{"rendered":"<p>Testez la teinte dans des conditions r\u00e9elles avant de finaliser votre choix.<\/p>\n<p>Plus g\u00e9n\u00e9reux qu\u2019un \u00e9chantillon classique, cette feuille grand format (34cm) permet d\u2019appr\u00e9cier plus justement la couleur, sa profondeur et sa r\u00e9action \u00e0 la lumi\u00e8re selon les moments de la journ\u00e9e.<\/p>\n<p>Id\u00e9al pour valider une ambiance, comparer plusieurs nuances ou pr\u00e9senter un projet, il offre une lecture plus fiable du rendu final.<\/p>\n<p>Tarif unitaire : 2,50\u20ac HT soit 3,00\u20ac TTC<\/p>\n<p>5 \u00e9chantillons et plus : 2,08\u20ac HT l\u2019unit\u00e9 au lieu de 2,50\u20ac HT<\/p>\n","protected":false},"featured_media":9067017,"template":"","meta":{"_acf_changed":false},"product_brand":[],"product_cat":[3603,3604,2851],"product_tag":[],"class_list":{"0":"post-9060315","1":"product","2":"type-product","3":"status-publish","4":"has-post-thumbnail","6":"product_cat-echantillons-peinture","7":"product_cat-echantillons-de-peinture","8":"product_cat-nuancier","9":"product_shipping_class-madorle","11":"first","12":"instock","13":"taxable","14":"shipping-taxable","15":"purchasable","16":"product-type-variable"},"acf":[],"yoast_head":"<!-- This site is optimized with the Yoast SEO plugin v27.2 - https:\/\/yoast.com\/product\/yoast-seo-wordpress\/ -->\n<title>Echantillon Feuille Grand Format - Mati\u00e8res Marius Aurenti<\/title>\n<meta name=\"description\" content=\"Plus g\u00e9n\u00e9reux qu\u2019un \u00e9chantillon classique, cette feuille grand format (34cm) permet d\u2019appr\u00e9cier plus justement la couleur, sa profondeur et sa r\u00e9action \u00e0 la lumi\u00e8re selon les moments de la journ\u00e9e.\" \/>\n<meta name=\"robots\" content=\"index, follow, max-snippet:-1, max-image-preview:large, max-video-preview:-1\" \/>\n<link rel=\"canonical\" href=\"https:\/\/www.mariusaurenti.com\/produit\/echantillon-feuille-grand-format\/\" \/>\n<meta property=\"og:locale\" content=\"en_US\" \/>\n<meta property=\"og:type\" content=\"article\" \/>\n<meta property=\"og:title\" content=\"Echantillon Feuille Grand Format - Mati\u00e8res Marius Aurenti\" \/>\n<meta property=\"og:description\" content=\"Plus g\u00e9n\u00e9reux qu\u2019un \u00e9chantillon classique, cette feuille grand format (34cm) permet d\u2019appr\u00e9cier plus justement la couleur, sa profondeur et sa r\u00e9action \u00e0 la lumi\u00e8re selon les moments de la journ\u00e9e.\" \/>\n<meta property=\"og:url\" content=\"https:\/\/www.mariusaurenti.com\/produit\/echantillon-feuille-grand-format\/\" \/>\n<meta property=\"og:site_name\" content=\"Mati\u00e8res Marius Aurenti\" \/>\n<meta property=\"article:publisher\" content=\"https:\/\/www.facebook.com\/matieresmariusaurenti\" \/>\n<meta property=\"article:modified_time\" content=\"2026-03-23T15:22:16+00:00\" \/>\n<meta property=\"og:image\" content=\"https:\/\/www.mariusaurenti.com\/wp-content\/uploads\/2026\/03\/EXPORT-FOLIO-496-scaled.jpg\" \/>\n\t<meta property=\"og:image:width\" content=\"2560\" \/>\n\t<meta property=\"og:image:height\" content=\"2560\" \/>\n\t<meta property=\"og:image:type\" content=\"image\/jpeg\" \/>\n<meta name=\"twitter:card\" content=\"summary_large_image\" \/>\n<meta name=\"twitter:label1\" content=\"Est. reading time\" \/>\n\t<meta name=\"twitter:data1\" content=\"4 minutes\" \/>\n<script type=\"application\/ld+json\" class=\"yoast-schema-graph\">{\"@context\":\"https:\/\/schema.org\",\"@graph\":[{\"@type\":\"WebPage\",\"@id\":\"https:\/\/www.mariusaurenti.com\/produit\/echantillon-feuille-grand-format\/\",\"url\":\"https:\/\/www.mariusaurenti.com\/produit\/echantillon-feuille-grand-format\/\",\"name\":\"Echantillon Feuille Grand Format - Mati\u00e8res Marius Aurenti\",\"isPartOf\":{\"@id\":\"https:\/\/www.mariusaurenti.com\/en\/#website\"},\"primaryImageOfPage\":{\"@id\":\"https:\/\/www.mariusaurenti.com\/produit\/echantillon-feuille-grand-format\/#primaryimage\"},\"image\":{\"@id\":\"https:\/\/www.mariusaurenti.com\/produit\/echantillon-feuille-grand-format\/#primaryimage\"},\"thumbnailUrl\":\"https:\/\/www.mariusaurenti.com\/wp-content\/uploads\/2026\/03\/EXPORT-FOLIO-496-scaled.jpg\",\"datePublished\":\"2026-03-13T14:09:04+00:00\",\"dateModified\":\"2026-03-23T15:22:16+00:00\",\"description\":\"Plus g\u00e9n\u00e9reux qu\u2019un \u00e9chantillon classique, cette feuille grand format (34cm) permet d\u2019appr\u00e9cier plus justement la couleur, sa profondeur et sa r\u00e9action \u00e0 la lumi\u00e8re selon les moments de la journ\u00e9e.\",\"breadcrumb\":{\"@id\":\"https:\/\/www.mariusaurenti.com\/produit\/echantillon-feuille-grand-format\/#breadcrumb\"},\"inLanguage\":\"en-US\",\"potentialAction\":[{\"@type\":\"ReadAction\",\"target\":[\"https:\/\/www.mariusaurenti.com\/produit\/echantillon-feuille-grand-format\/\"]}]},{\"@type\":\"ImageObject\",\"inLanguage\":\"en-US\",\"@id\":\"https:\/\/www.mariusaurenti.com\/produit\/echantillon-feuille-grand-format\/#primaryimage\",\"url\":\"https:\/\/www.mariusaurenti.com\/wp-content\/uploads\/2026\/03\/EXPORT-FOLIO-496-scaled.jpg\",\"contentUrl\":\"https:\/\/www.mariusaurenti.com\/wp-content\/uploads\/2026\/03\/EXPORT-FOLIO-496-scaled.jpg\",\"width\":2560,\"height\":2560},{\"@type\":\"BreadcrumbList\",\"@id\":\"https:\/\/www.mariusaurenti.com\/produit\/echantillon-feuille-grand-format\/#breadcrumb\",\"itemListElement\":[{\"@type\":\"ListItem\",\"position\":1,\"name\":\"Accueil\",\"item\":\"https:\/\/www.mariusaurenti.com\/en\/marius-aurenti-manufacturer-of-micro-concrete-lime-stain-varnish\/\"},{\"@type\":\"ListItem\",\"position\":2,\"name\":\"Boutique\",\"item\":\"https:\/\/www.mariusaurenti.com\/boutique\/\"},{\"@type\":\"ListItem\",\"position\":3,\"name\":\"Echantillon Feuille Grand Format\"}]},{\"@type\":\"WebSite\",\"@id\":\"https:\/\/www.mariusaurenti.com\/en\/#website\",\"url\":\"https:\/\/www.mariusaurenti.com\/en\/\",\"name\":\"Mati\u00e8res Marius Aurenti\",\"description\":\"Fabricant de b\u00e9ton cir\u00e9 et de mati\u00e8res d\u00e9coratives\",\"publisher\":{\"@id\":\"https:\/\/www.mariusaurenti.com\/en\/#organization\"},\"potentialAction\":[{\"@type\":\"SearchAction\",\"target\":{\"@type\":\"EntryPoint\",\"urlTemplate\":\"https:\/\/www.mariusaurenti.com\/en\/?s={search_term_string}\"},\"query-input\":{\"@type\":\"PropertyValueSpecification\",\"valueRequired\":true,\"valueName\":\"search_term_string\"}}],\"inLanguage\":\"en-US\"},{\"@type\":\"Organization\",\"@id\":\"https:\/\/www.mariusaurenti.com\/en\/#organization\",\"name\":\"Marius Aurenti\",\"url\":\"https:\/\/www.mariusaurenti.com\/en\/\",\"logo\":{\"@type\":\"ImageObject\",\"inLanguage\":\"en-US\",\"@id\":\"https:\/\/www.mariusaurenti.com\/en\/#\/schema\/logo\/image\/\",\"url\":\"https:\/\/www.mariusaurenti.com\/wp-content\/uploads\/2020\/11\/logo2-1.png\",\"contentUrl\":\"https:\/\/www.mariusaurenti.com\/wp-content\/uploads\/2020\/11\/logo2-1.png\",\"width\":390,\"height\":66,\"caption\":\"Marius Aurenti\"},\"image\":{\"@id\":\"https:\/\/www.mariusaurenti.com\/en\/#\/schema\/logo\/image\/\"},\"sameAs\":[\"https:\/\/www.facebook.com\/matieresmariusaurenti\",\"https:\/\/www.instagram.com\/mariusaurenti\/\",\"https:\/\/www.linkedin.com\/company\/matieres-marius-aurenti\/\",\"https:\/\/www.pinterest.fr\/mariusaurenti\/_created\/\"]}]}<\/script>\n<!-- \/ Yoast SEO plugin. -->","yoast_head_json":{"title":"Echantillon Feuille Grand Format - Mati\u00e8res Marius Aurenti","description":"Plus g\u00e9n\u00e9reux qu\u2019un \u00e9chantillon classique, cette feuille grand format (34cm) permet d\u2019appr\u00e9cier plus justement la couleur, sa profondeur et sa r\u00e9action \u00e0 la lumi\u00e8re selon les moments de la journ\u00e9e.","robots":{"index":"index","follow":"follow","max-snippet":"max-snippet:-1","max-image-preview":"max-image-preview:large","max-video-preview":"max-video-preview:-1"},"canonical":"https:\/\/www.mariusaurenti.com\/produit\/echantillon-feuille-grand-format\/","og_locale":"en_US","og_type":"article","og_title":"Echantillon Feuille Grand Format - Mati\u00e8res Marius Aurenti","og_description":"Plus g\u00e9n\u00e9reux qu\u2019un \u00e9chantillon classique, cette feuille grand format (34cm) permet d\u2019appr\u00e9cier plus justement la couleur, sa profondeur et sa r\u00e9action \u00e0 la lumi\u00e8re selon les moments de la journ\u00e9e.","og_url":"https:\/\/www.mariusaurenti.com\/produit\/echantillon-feuille-grand-format\/","og_site_name":"Mati\u00e8res Marius Aurenti","article_publisher":"https:\/\/www.facebook.com\/matieresmariusaurenti","article_modified_time":"2026-03-23T15:22:16+00:00","og_image":[{"width":2560,"height":2560,"url":"https:\/\/www.mariusaurenti.com\/wp-content\/uploads\/2026\/03\/EXPORT-FOLIO-496-scaled.jpg","type":"image\/jpeg"}],"twitter_card":"summary_large_image","twitter_misc":{"Est. reading time":"4 minutes"},"schema":{"@context":"https:\/\/schema.org","@graph":[{"@type":"WebPage","@id":"https:\/\/www.mariusaurenti.com\/produit\/echantillon-feuille-grand-format\/","url":"https:\/\/www.mariusaurenti.com\/produit\/echantillon-feuille-grand-format\/","name":"Echantillon Feuille Grand Format - Mati\u00e8res Marius Aurenti","isPartOf":{"@id":"https:\/\/www.mariusaurenti.com\/en\/#website"},"primaryImageOfPage":{"@id":"https:\/\/www.mariusaurenti.com\/produit\/echantillon-feuille-grand-format\/#primaryimage"},"image":{"@id":"https:\/\/www.mariusaurenti.com\/produit\/echantillon-feuille-grand-format\/#primaryimage"},"thumbnailUrl":"https:\/\/www.mariusaurenti.com\/wp-content\/uploads\/2026\/03\/EXPORT-FOLIO-496-scaled.jpg","datePublished":"2026-03-13T14:09:04+00:00","dateModified":"2026-03-23T15:22:16+00:00","description":"Plus g\u00e9n\u00e9reux qu\u2019un \u00e9chantillon classique, cette feuille grand format (34cm) permet d\u2019appr\u00e9cier plus justement la couleur, sa profondeur et sa r\u00e9action \u00e0 la lumi\u00e8re selon les moments de la journ\u00e9e.","breadcrumb":{"@id":"https:\/\/www.mariusaurenti.com\/produit\/echantillon-feuille-grand-format\/#breadcrumb"},"inLanguage":"en-US","potentialAction":[{"@type":"ReadAction","target":["https:\/\/www.mariusaurenti.com\/produit\/echantillon-feuille-grand-format\/"]}]},{"@type":"ImageObject","inLanguage":"en-US","@id":"https:\/\/www.mariusaurenti.com\/produit\/echantillon-feuille-grand-format\/#primaryimage","url":"https:\/\/www.mariusaurenti.com\/wp-content\/uploads\/2026\/03\/EXPORT-FOLIO-496-scaled.jpg","contentUrl":"https:\/\/www.mariusaurenti.com\/wp-content\/uploads\/2026\/03\/EXPORT-FOLIO-496-scaled.jpg","width":2560,"height":2560},{"@type":"BreadcrumbList","@id":"https:\/\/www.mariusaurenti.com\/produit\/echantillon-feuille-grand-format\/#breadcrumb","itemListElement":[{"@type":"ListItem","position":1,"name":"Accueil","item":"https:\/\/www.mariusaurenti.com\/en\/marius-aurenti-manufacturer-of-micro-concrete-lime-stain-varnish\/"},{"@type":"ListItem","position":2,"name":"Boutique","item":"https:\/\/www.mariusaurenti.com\/boutique\/"},{"@type":"ListItem","position":3,"name":"Echantillon Feuille Grand Format"}]},{"@type":"WebSite","@id":"https:\/\/www.mariusaurenti.com\/en\/#website","url":"https:\/\/www.mariusaurenti.com\/en\/","name":"Mati\u00e8res Marius Aurenti","description":"Fabricant de b\u00e9ton cir\u00e9 et de mati\u00e8res d\u00e9coratives","publisher":{"@id":"https:\/\/www.mariusaurenti.com\/en\/#organization"},"potentialAction":[{"@type":"SearchAction","target":{"@type":"EntryPoint","urlTemplate":"https:\/\/www.mariusaurenti.com\/en\/?s={search_term_string}"},"query-input":{"@type":"PropertyValueSpecification","valueRequired":true,"valueName":"search_term_string"}}],"inLanguage":"en-US"},{"@type":"Organization","@id":"https:\/\/www.mariusaurenti.com\/en\/#organization","name":"Marius Aurenti","url":"https:\/\/www.mariusaurenti.com\/en\/","logo":{"@type":"ImageObject","inLanguage":"en-US","@id":"https:\/\/www.mariusaurenti.com\/en\/#\/schema\/logo\/image\/","url":"https:\/\/www.mariusaurenti.com\/wp-content\/uploads\/2020\/11\/logo2-1.png","contentUrl":"https:\/\/www.mariusaurenti.com\/wp-content\/uploads\/2020\/11\/logo2-1.png","width":390,"height":66,"caption":"Marius Aurenti"},"image":{"@id":"https:\/\/www.mariusaurenti.com\/en\/#\/schema\/logo\/image\/"},"sameAs":["https:\/\/www.facebook.com\/matieresmariusaurenti","https:\/\/www.instagram.com\/mariusaurenti\/","https:\/\/www.linkedin.com\/company\/matieres-marius-aurenti\/","https:\/\/www.pinterest.fr\/mariusaurenti\/_created\/"]}]}},"_links":{"self":[{"href":"https:\/\/www.mariusaurenti.com\/en\/wp-json\/wp\/v2\/product\/9060315","targetHints":{"allow":["GET"]}}],"collection":[{"href":"https:\/\/www.mariusaurenti.com\/en\/wp-json\/wp\/v2\/product"}],"about":[{"href":"https:\/\/www.mariusaurenti.com\/en\/wp-json\/wp\/v2\/types\/product"}],"wp:featuredmedia":[{"embeddable":true,"href":"https:\/\/www.mariusaurenti.com\/en\/wp-json\/wp\/v2\/media\/9067017"}],"wp:attachment":[{"href":"https:\/\/www.mariusaurenti.com\/en\/wp-json\/wp\/v2\/media?parent=9060315"}],"wp:term":[{"taxonomy":"product_brand","embeddable":true,"href":"https:\/\/www.mariusaurenti.com\/en\/wp-json\/wp\/v2\/product_brand?post=9060315"},{"taxonomy":"product_cat","embeddable":true,"href":"https:\/\/www.mariusaurenti.com\/en\/wp-json\/wp\/v2\/product_cat?post=9060315"},{"taxonomy":"product_tag","embeddable":true,"href":"https:\/\/www.mariusaurenti.com\/en\/wp-json\/wp\/v2\/product_tag?post=9060315"}],"curies":[{"name":"wp","href":"https:\/\/api.w.org\/{rel}","templated":true}]}}