{"id":9070269,"date":"2026-04-08T14:11:02","date_gmt":"2026-04-08T12:11:02","guid":{"rendered":"https:\/\/www.mariusaurenti.com\/?post_type=product&#038;p=9070269"},"modified":"2026-04-15T16:08:55","modified_gmt":"2026-04-15T14:08:55","slug":"vasque-en-beton","status":"publish","type":"product","link":"https:\/\/www.mariusaurenti.com\/en\/produit\/vasque-en-beton\/","title":{"rendered":"Vasque en B\u00e9ton"},"content":{"rendered":"","protected":false},"excerpt":{"rendered":"<p class=\"markdown\"><span style=\"color: black;\">Les vasques en b\u00e9ton Marius Aurenti allient la performance d\u2019un b\u00e9ton haute r\u00e9sistance \u00e0 la finesse d\u2019un travail artisanal. D\u00e9clin\u00e9es en formes rondes et carr\u00e9es, et propos\u00e9es dans neuf teintes, elles apportent une pr\u00e9sence min\u00e9rale \u00e9l\u00e9gante et intemporelle.<\/span><\/p>\n<p class=\"markdown\"><span style=\"color: black;\">Fabriqu\u00e9es en Europe selon les protocoles Marius Aurenti, chaque pi\u00e8ce b\u00e9n\u00e9ficie d\u2019un soin particulier, du m\u00e9lange \u00e0 la finition, pour garantir durabilit\u00e9, pr\u00e9cision et qualit\u00e9 esth\u00e9tique. De l\u00e9g\u00e8res nuances et variations de surface t\u00e9moignent du caract\u00e8re unique de chaque vasque.<\/span><\/p>\n<p class=\"markdown\"><span style=\"color: black;\">Pr\u00eates \u00e0 poser, elles s\u2019int\u00e8grent facilement \u00e0 tous types de plans. D\u00e9lai de fabrication : 6 semaines.<\/span><\/p>\n","protected":false},"featured_media":9070967,"template":"","meta":{"_acf_changed":false},"product_brand":[],"product_cat":[2746],"product_tag":[],"class_list":{"0":"post-9070269","1":"product","2":"type-product","3":"status-publish","4":"has-post-thumbnail","6":"product_cat-vasque-beton","7":"product_shipping_class-livraison-pour-kit-marius-aurenti","9":"first","10":"instock","11":"taxable","12":"shipping-taxable","13":"purchasable","14":"product-type-variable"},"acf":[],"_links":{"self":[{"href":"https:\/\/www.mariusaurenti.com\/en\/wp-json\/wp\/v2\/product\/9070269","targetHints":{"allow":["GET"]}}],"collection":[{"href":"https:\/\/www.mariusaurenti.com\/en\/wp-json\/wp\/v2\/product"}],"about":[{"href":"https:\/\/www.mariusaurenti.com\/en\/wp-json\/wp\/v2\/types\/product"}],"wp:featuredmedia":[{"embeddable":true,"href":"https:\/\/www.mariusaurenti.com\/en\/wp-json\/wp\/v2\/media\/9070967"}],"wp:attachment":[{"href":"https:\/\/www.mariusaurenti.com\/en\/wp-json\/wp\/v2\/media?parent=9070269"}],"wp:term":[{"taxonomy":"product_brand","embeddable":true,"href":"https:\/\/www.mariusaurenti.com\/en\/wp-json\/wp\/v2\/product_brand?post=9070269"},{"taxonomy":"product_cat","embeddable":true,"href":"https:\/\/www.mariusaurenti.com\/en\/wp-json\/wp\/v2\/product_cat?post=9070269"},{"taxonomy":"product_tag","embeddable":true,"href":"https:\/\/www.mariusaurenti.com\/en\/wp-json\/wp\/v2\/product_tag?post=9070269"}],"curies":[{"name":"wp","href":"https:\/\/api.w.org\/{rel}","templated":true}]}}