{"id":9071198,"date":"2026-04-15T09:27:01","date_gmt":"2026-04-15T07:27:01","guid":{"rendered":"https:\/\/www.mariusaurenti.com\/?post_type=product&#038;p=9071198"},"modified":"2026-04-16T13:10:51","modified_gmt":"2026-04-16T11:10:51","slug":"echantillon-de-beton-cire-marius-aurenti-grand-format","status":"publish","type":"product","link":"https:\/\/www.mariusaurenti.com\/en\/produit\/echantillon-de-beton-cire-marius-aurenti-grand-format\/","title":{"rendered":"Echantillon de b\u00e9ton cir\u00e9 Marius Aurenti &#8211; Grand format"},"content":{"rendered":"","protected":false},"excerpt":{"rendered":"<p>Choisissez la couleur de votre \u00e9chantillon b\u00e9ton cir\u00e9 parmi les 87 teintes min\u00e9rales Marius Aurenti.<\/p>\n<p>Taille : Grand Format 30&#215;60 cm<\/p>\n<p>Tous les \u00e9chantillons sont r\u00e9alis\u00e9s \u00e0 la main dans nos ateliers fran\u00e7ais.<\/p>\n","protected":false},"featured_media":9008614,"template":"","meta":{"_acf_changed":false},"product_brand":[],"product_cat":[2747,2849],"product_tag":[],"class_list":{"0":"post-9071198","1":"product","2":"type-product","3":"status-publish","4":"has-post-thumbnail","6":"product_cat-echantillon-beton-cire","7":"product_cat-grand-format","9":"first","10":"instock","11":"taxable","12":"shipping-taxable","13":"purchasable","14":"product-type-variable"},"acf":[],"_links":{"self":[{"href":"https:\/\/www.mariusaurenti.com\/en\/wp-json\/wp\/v2\/product\/9071198","targetHints":{"allow":["GET"]}}],"collection":[{"href":"https:\/\/www.mariusaurenti.com\/en\/wp-json\/wp\/v2\/product"}],"about":[{"href":"https:\/\/www.mariusaurenti.com\/en\/wp-json\/wp\/v2\/types\/product"}],"wp:featuredmedia":[{"embeddable":true,"href":"https:\/\/www.mariusaurenti.com\/en\/wp-json\/wp\/v2\/media\/9008614"}],"wp:attachment":[{"href":"https:\/\/www.mariusaurenti.com\/en\/wp-json\/wp\/v2\/media?parent=9071198"}],"wp:term":[{"taxonomy":"product_brand","embeddable":true,"href":"https:\/\/www.mariusaurenti.com\/en\/wp-json\/wp\/v2\/product_brand?post=9071198"},{"taxonomy":"product_cat","embeddable":true,"href":"https:\/\/www.mariusaurenti.com\/en\/wp-json\/wp\/v2\/product_cat?post=9071198"},{"taxonomy":"product_tag","embeddable":true,"href":"https:\/\/www.mariusaurenti.com\/en\/wp-json\/wp\/v2\/product_tag?post=9071198"}],"curies":[{"name":"wp","href":"https:\/\/api.w.org\/{rel}","templated":true}]}}