{"id":9071478,"date":"2026-04-15T13:03:31","date_gmt":"2026-04-15T11:03:31","guid":{"rendered":"https:\/\/www.mariusaurenti.com\/?post_type=product&#038;p=9071478"},"modified":"2026-04-16T13:10:51","modified_gmt":"2026-04-16T11:10:51","slug":"echantillon-beton-cire-domino-a-lunite","status":"publish","type":"product","link":"https:\/\/www.mariusaurenti.com\/en\/produit\/echantillon-beton-cire-domino-a-lunite\/","title":{"rendered":"Echantillon de b\u00e9ton cir\u00e9 Marius Aurenti &#8211; Domino \u00e0 l&#8217;unit\u00e9"},"content":{"rendered":"","protected":false},"excerpt":{"rendered":"<p>Choisissez la taille, la protection et la finition de vos \u00e9chantillons b\u00e9ton cir\u00e9 parmi 87 teintes min\u00e9rales Marius Aurenti.<\/p>\n<p>Taille: Domino 6x5cm<\/p>\n<p>Aspect : Uniforme<\/p>\n<p>Protection : N\u00b07 Haute Performance<\/p>\n<p>Finition : Mat<\/p>\n<p>Tous les \u00e9chantillons sont r\u00e9alis\u00e9s \u00e0 la main dans nos ateliers fran\u00e7ais.<\/p>\n","protected":false},"featured_media":40013,"template":"","meta":{"_acf_changed":false},"product_brand":[],"product_cat":[2747,3108,15],"product_tag":[],"class_list":{"0":"post-9071478","1":"product","2":"type-product","3":"status-publish","4":"has-post-thumbnail","6":"product_cat-echantillon-beton-cire","7":"product_cat-echantillon-beton-mural","8":"product_cat-non-classe","10":"first","11":"instock","12":"taxable","13":"shipping-taxable","14":"purchasable","15":"product-type-variable"},"acf":[],"_links":{"self":[{"href":"https:\/\/www.mariusaurenti.com\/en\/wp-json\/wp\/v2\/product\/9071478","targetHints":{"allow":["GET"]}}],"collection":[{"href":"https:\/\/www.mariusaurenti.com\/en\/wp-json\/wp\/v2\/product"}],"about":[{"href":"https:\/\/www.mariusaurenti.com\/en\/wp-json\/wp\/v2\/types\/product"}],"wp:featuredmedia":[{"embeddable":true,"href":"https:\/\/www.mariusaurenti.com\/en\/wp-json\/wp\/v2\/media\/40013"}],"wp:attachment":[{"href":"https:\/\/www.mariusaurenti.com\/en\/wp-json\/wp\/v2\/media?parent=9071478"}],"wp:term":[{"taxonomy":"product_brand","embeddable":true,"href":"https:\/\/www.mariusaurenti.com\/en\/wp-json\/wp\/v2\/product_brand?post=9071478"},{"taxonomy":"product_cat","embeddable":true,"href":"https:\/\/www.mariusaurenti.com\/en\/wp-json\/wp\/v2\/product_cat?post=9071478"},{"taxonomy":"product_tag","embeddable":true,"href":"https:\/\/www.mariusaurenti.com\/en\/wp-json\/wp\/v2\/product_tag?post=9071478"}],"curies":[{"name":"wp","href":"https:\/\/api.w.org\/{rel}","templated":true}]}}